{"id":1091,"date":"2017-02-08T17:56:44","date_gmt":"2017-02-08T16:56:44","guid":{"rendered":"https:\/\/www.dehesadebular.com\/shop\/"},"modified":"2019-08-06T09:16:04","modified_gmt":"2019-08-06T08:16:04","slug":"products","status":"publish","type":"page","link":"https:\/\/www.dehesadebular.com\/en\/products\/","title":{"rendered":"Products"},"content":{"rendered":"<p><strong>Oil\u00e9 by Dehesa de B\u00falar<\/strong> is a superb premium organic extra virgin olive oil, produced by cold extraction and early harvest with <strong>Picual and Hojiblanca<\/strong> variety olives from our own farm.<\/p>\n<p>Bitter and spicy, green fruitiness with aromas of fresh grass, balanced and complex, Oil\u00e9 by Dehesa de B\u00falar has been awarded in 2019 and 2017 with a silver medal in the <strong>New York International Olive Oil Competition<\/strong>, and included in 2019 in the <strong>EVOOLEUM Guide<\/strong> of the World\u00b4s Top 100 Extra Virgin Olive Oils with a packaging design award.<\/p>\n<p>The <strong>inox steel<\/strong> can format, with a pronounced personality, guarantees that organoleptic qualities of the oil are preserved; a traditional container which brings us back to the origins of the product, but with a modern and contemporary spirit.<\/p>\n","protected":false},"excerpt":{"rendered":"<p>Oil\u00e9 by Dehesa de B\u00falar is a superb premium organic extra virgin olive oil, produced by cold extraction and early harvest with Picual and Hojiblanca variety olives from our own farm. Bitter and spicy, green fruitiness with aromas of fresh grass, balanced and complex, Oil\u00e9 by Dehesa de B\u00falar has been awarded in 2019 and&#8230; <a class=\"view-article\" href=\"https:\/\/www.dehesadebular.com\/en\/products\/\">View Article<\/a><\/p>\n","protected":false},"author":1,"featured_media":1293,"parent":0,"menu_order":0,"comment_status":"closed","ping_status":"open","template":"","meta":[],"acf":[],"yoast_head":"<!-- This site is optimized with the Yoast SEO plugin v19.10 - https:\/\/yoast.com\/wordpress\/plugins\/seo\/ -->\n<title>Products - Dehesa de B\u00falar<\/title>\n<meta name=\"robots\" content=\"index, follow, max-snippet:-1, max-image-preview:large, max-video-preview:-1\" \/>\n<link rel=\"canonical\" href=\"https:\/\/www.dehesadebular.com\/en\/products\/\" \/>\n<meta property=\"og:locale\" content=\"en_US\" \/>\n<meta property=\"og:type\" content=\"article\" \/>\n<meta property=\"og:title\" content=\"Products - Dehesa de B\u00falar\" \/>\n<meta property=\"og:description\" content=\"Oil\u00e9 by Dehesa de B\u00falar is a superb premium organic extra virgin olive oil, produced by cold extraction and early harvest with Picual and Hojiblanca variety olives from our own farm. Bitter and spicy, green fruitiness with aromas of fresh grass, balanced and complex, Oil\u00e9 by Dehesa de B\u00falar has been awarded in 2019 and... View Article\" \/>\n<meta property=\"og:url\" content=\"https:\/\/www.dehesadebular.com\/en\/products\/\" \/>\n<meta property=\"og:site_name\" content=\"Dehesa de B\u00falar\" \/>\n<meta property=\"article:modified_time\" content=\"2019-08-06T08:16:04+00:00\" \/>\n<meta property=\"og:image\" content=\"https:\/\/www.dehesadebular.com\/wp-content\/uploads\/2017\/10\/aceite.jpg\" \/>\n\t<meta property=\"og:image:width\" content=\"1500\" \/>\n\t<meta property=\"og:image:height\" content=\"620\" \/>\n\t<meta property=\"og:image:type\" content=\"image\/jpeg\" \/>\n<meta name=\"twitter:card\" content=\"summary_large_image\" \/>\n<meta name=\"twitter:label1\" content=\"Est. reading time\" \/>\n\t<meta name=\"twitter:data1\" content=\"1 minute\" \/>\n<script type=\"application\/ld+json\" class=\"yoast-schema-graph\">{\"@context\":\"https:\/\/schema.org\",\"@graph\":[{\"@type\":\"WebPage\",\"@id\":\"https:\/\/www.dehesadebular.com\/en\/products\/\",\"url\":\"https:\/\/www.dehesadebular.com\/en\/products\/\",\"name\":\"Products - Dehesa de B\u00falar\",\"isPartOf\":{\"@id\":\"https:\/\/www.dehesadebular.com\/en\/#website\"},\"datePublished\":\"2017-02-08T16:56:44+00:00\",\"dateModified\":\"2019-08-06T08:16:04+00:00\",\"breadcrumb\":{\"@id\":\"https:\/\/www.dehesadebular.com\/en\/products\/#breadcrumb\"},\"inLanguage\":\"en-US\",\"potentialAction\":[{\"@type\":\"ReadAction\",\"target\":[\"https:\/\/www.dehesadebular.com\/en\/products\/\"]}]},{\"@type\":\"BreadcrumbList\",\"@id\":\"https:\/\/www.dehesadebular.com\/en\/products\/#breadcrumb\",\"itemListElement\":[{\"@type\":\"ListItem\",\"position\":1,\"name\":\"Portada\",\"item\":\"https:\/\/www.dehesadebular.com\/en\/\"},{\"@type\":\"ListItem\",\"position\":2,\"name\":\"Products\"}]},{\"@type\":\"WebSite\",\"@id\":\"https:\/\/www.dehesadebular.com\/en\/#website\",\"url\":\"https:\/\/www.dehesadebular.com\/en\/\",\"name\":\"Dehesa de B\u00falar\",\"description\":\"Empresa joven creada para poner en valor la finca del Cortijo Nuevo de B\u00falar y comercializar nuestro aceite de oliva virgen extra ecol\u00f3gico premium: Oil\u00e9 by Dehesa de B\u00falar.\",\"publisher\":{\"@id\":\"https:\/\/www.dehesadebular.com\/en\/#organization\"},\"potentialAction\":[{\"@type\":\"SearchAction\",\"target\":{\"@type\":\"EntryPoint\",\"urlTemplate\":\"https:\/\/www.dehesadebular.com\/en\/?s={search_term_string}\"},\"query-input\":\"required name=search_term_string\"}],\"inLanguage\":\"en-US\"},{\"@type\":\"Organization\",\"@id\":\"https:\/\/www.dehesadebular.com\/en\/#organization\",\"name\":\"Oil\u00e9 Dehesa de Bular\",\"url\":\"https:\/\/www.dehesadebular.com\/en\/\",\"logo\":{\"@type\":\"ImageObject\",\"inLanguage\":\"en-US\",\"@id\":\"https:\/\/www.dehesadebular.com\/en\/#\/schema\/logo\/image\/\",\"url\":\"https:\/\/www.dehesadebular.com\/wp-content\/uploads\/2017\/10\/logo-banner.png\",\"contentUrl\":\"https:\/\/www.dehesadebular.com\/wp-content\/uploads\/2017\/10\/logo-banner.png\",\"width\":154,\"height\":123,\"caption\":\"Oil\u00e9 Dehesa de Bular\"},\"image\":{\"@id\":\"https:\/\/www.dehesadebular.com\/en\/#\/schema\/logo\/image\/\"}}]}<\/script>\n<!-- \/ Yoast SEO plugin. -->","yoast_head_json":{"title":"Products - Dehesa de B\u00falar","robots":{"index":"index","follow":"follow","max-snippet":"max-snippet:-1","max-image-preview":"max-image-preview:large","max-video-preview":"max-video-preview:-1"},"canonical":"https:\/\/www.dehesadebular.com\/en\/products\/","og_locale":"en_US","og_type":"article","og_title":"Products - Dehesa de B\u00falar","og_description":"Oil\u00e9 by Dehesa de B\u00falar is a superb premium organic extra virgin olive oil, produced by cold extraction and early harvest with Picual and Hojiblanca variety olives from our own farm. Bitter and spicy, green fruitiness with aromas of fresh grass, balanced and complex, Oil\u00e9 by Dehesa de B\u00falar has been awarded in 2019 and... View Article","og_url":"https:\/\/www.dehesadebular.com\/en\/products\/","og_site_name":"Dehesa de B\u00falar","article_modified_time":"2019-08-06T08:16:04+00:00","og_image":[{"width":1500,"height":620,"url":"https:\/\/www.dehesadebular.com\/wp-content\/uploads\/2017\/10\/aceite.jpg","type":"image\/jpeg"}],"twitter_card":"summary_large_image","twitter_misc":{"Est. reading time":"1 minute"},"schema":{"@context":"https:\/\/schema.org","@graph":[{"@type":"WebPage","@id":"https:\/\/www.dehesadebular.com\/en\/products\/","url":"https:\/\/www.dehesadebular.com\/en\/products\/","name":"Products - Dehesa de B\u00falar","isPartOf":{"@id":"https:\/\/www.dehesadebular.com\/en\/#website"},"datePublished":"2017-02-08T16:56:44+00:00","dateModified":"2019-08-06T08:16:04+00:00","breadcrumb":{"@id":"https:\/\/www.dehesadebular.com\/en\/products\/#breadcrumb"},"inLanguage":"en-US","potentialAction":[{"@type":"ReadAction","target":["https:\/\/www.dehesadebular.com\/en\/products\/"]}]},{"@type":"BreadcrumbList","@id":"https:\/\/www.dehesadebular.com\/en\/products\/#breadcrumb","itemListElement":[{"@type":"ListItem","position":1,"name":"Portada","item":"https:\/\/www.dehesadebular.com\/en\/"},{"@type":"ListItem","position":2,"name":"Products"}]},{"@type":"WebSite","@id":"https:\/\/www.dehesadebular.com\/en\/#website","url":"https:\/\/www.dehesadebular.com\/en\/","name":"Dehesa de B\u00falar","description":"Empresa joven creada para poner en valor la finca del Cortijo Nuevo de B\u00falar y comercializar nuestro aceite de oliva virgen extra ecol\u00f3gico premium: Oil\u00e9 by Dehesa de B\u00falar.","publisher":{"@id":"https:\/\/www.dehesadebular.com\/en\/#organization"},"potentialAction":[{"@type":"SearchAction","target":{"@type":"EntryPoint","urlTemplate":"https:\/\/www.dehesadebular.com\/en\/?s={search_term_string}"},"query-input":"required name=search_term_string"}],"inLanguage":"en-US"},{"@type":"Organization","@id":"https:\/\/www.dehesadebular.com\/en\/#organization","name":"Oil\u00e9 Dehesa de Bular","url":"https:\/\/www.dehesadebular.com\/en\/","logo":{"@type":"ImageObject","inLanguage":"en-US","@id":"https:\/\/www.dehesadebular.com\/en\/#\/schema\/logo\/image\/","url":"https:\/\/www.dehesadebular.com\/wp-content\/uploads\/2017\/10\/logo-banner.png","contentUrl":"https:\/\/www.dehesadebular.com\/wp-content\/uploads\/2017\/10\/logo-banner.png","width":154,"height":123,"caption":"Oil\u00e9 Dehesa de Bular"},"image":{"@id":"https:\/\/www.dehesadebular.com\/en\/#\/schema\/logo\/image\/"}}]}},"_links":{"self":[{"href":"https:\/\/www.dehesadebular.com\/en\/wp-json\/wp\/v2\/pages\/1091"}],"collection":[{"href":"https:\/\/www.dehesadebular.com\/en\/wp-json\/wp\/v2\/pages"}],"about":[{"href":"https:\/\/www.dehesadebular.com\/en\/wp-json\/wp\/v2\/types\/page"}],"author":[{"embeddable":true,"href":"https:\/\/www.dehesadebular.com\/en\/wp-json\/wp\/v2\/users\/1"}],"replies":[{"embeddable":true,"href":"https:\/\/www.dehesadebular.com\/en\/wp-json\/wp\/v2\/comments?post=1091"}],"version-history":[{"count":5,"href":"https:\/\/www.dehesadebular.com\/en\/wp-json\/wp\/v2\/pages\/1091\/revisions"}],"predecessor-version":[{"id":1520,"href":"https:\/\/www.dehesadebular.com\/en\/wp-json\/wp\/v2\/pages\/1091\/revisions\/1520"}],"wp:featuredmedia":[{"embeddable":true,"href":"https:\/\/www.dehesadebular.com\/en\/wp-json\/wp\/v2\/media\/1293"}],"wp:attachment":[{"href":"https:\/\/www.dehesadebular.com\/en\/wp-json\/wp\/v2\/media?parent=1091"}],"curies":[{"name":"wp","href":"https:\/\/api.w.org\/{rel}","templated":true}]}}