{"id":1289,"date":"2019-05-27T09:50:37","date_gmt":"2019-05-27T08:50:37","guid":{"rendered":"https:\/\/www.dehesadebular.com\/?page_id=1289"},"modified":"2019-05-27T09:50:56","modified_gmt":"2019-05-27T08:50:56","slug":"dehesa-de-bular","status":"publish","type":"page","link":"https:\/\/www.dehesadebular.com\/en\/","title":{"rendered":"Dehesa de B\u00falar"},"content":{"rendered":"<p>Family tradition, the high quality of the product, sustainable land management that enhances the natural biodiversity of the agroecosystem and the quest for environmental sustainability are the hallmarks of our company.<\/p>\n","protected":false},"excerpt":{"rendered":"<p>Family tradition, the high quality of the product, sustainable land management that enhances the natural biodiversity of the agroecosystem and the quest for environmental sustainability are the hallmarks of our company.<\/p>\n","protected":false},"author":1,"featured_media":1177,"parent":0,"menu_order":0,"comment_status":"closed","ping_status":"open","template":"template-homepage.php","meta":[],"acf":[],"yoast_head":"<!-- This site is optimized with the Yoast SEO plugin v19.10 - https:\/\/yoast.com\/wordpress\/plugins\/seo\/ -->\n<title>Dehesa de B\u00falar - Dehesa de B\u00falar<\/title>\n<meta name=\"robots\" content=\"index, follow, max-snippet:-1, max-image-preview:large, max-video-preview:-1\" \/>\n<link rel=\"canonical\" href=\"https:\/\/www.dehesadebular.com\/en\/\" \/>\n<meta property=\"og:locale\" content=\"en_US\" \/>\n<meta property=\"og:type\" content=\"article\" \/>\n<meta property=\"og:title\" content=\"Dehesa de B\u00falar - Dehesa de B\u00falar\" \/>\n<meta property=\"og:description\" content=\"Family tradition, the high quality of the product, sustainable land management that enhances the natural biodiversity of the agroecosystem and the quest for environmental sustainability are the hallmarks of our company.\" \/>\n<meta property=\"og:url\" content=\"https:\/\/www.dehesadebular.com\/en\/\" \/>\n<meta property=\"og:site_name\" content=\"Dehesa de B\u00falar\" \/>\n<meta property=\"article:modified_time\" content=\"2019-05-27T08:50:56+00:00\" \/>\n<meta property=\"og:image\" content=\"https:\/\/www.dehesadebular.com\/wp-content\/uploads\/2018\/12\/1-18-750x500.jpg\" \/>\n\t<meta property=\"og:image:width\" content=\"750\" \/>\n\t<meta property=\"og:image:height\" content=\"500\" \/>\n\t<meta property=\"og:image:type\" content=\"image\/jpeg\" \/>\n<meta name=\"twitter:card\" content=\"summary_large_image\" \/>\n<script type=\"application\/ld+json\" class=\"yoast-schema-graph\">{\"@context\":\"https:\/\/schema.org\",\"@graph\":[{\"@type\":\"WebPage\",\"@id\":\"https:\/\/www.dehesadebular.com\/en\/\",\"url\":\"https:\/\/www.dehesadebular.com\/en\/\",\"name\":\"Dehesa de B\u00falar - Dehesa de B\u00falar\",\"isPartOf\":{\"@id\":\"https:\/\/www.dehesadebular.com\/en\/#website\"},\"datePublished\":\"2019-05-27T08:50:37+00:00\",\"dateModified\":\"2019-05-27T08:50:56+00:00\",\"breadcrumb\":{\"@id\":\"https:\/\/www.dehesadebular.com\/en\/#breadcrumb\"},\"inLanguage\":\"en-US\",\"potentialAction\":[{\"@type\":\"ReadAction\",\"target\":[\"https:\/\/www.dehesadebular.com\/en\/\"]}]},{\"@type\":\"BreadcrumbList\",\"@id\":\"https:\/\/www.dehesadebular.com\/en\/#breadcrumb\",\"itemListElement\":[{\"@type\":\"ListItem\",\"position\":1,\"name\":\"Portada\",\"item\":\"https:\/\/www.dehesadebular.com\/en\/\"},{\"@type\":\"ListItem\",\"position\":2,\"name\":\"Dehesa de B\u00falar\"}]},{\"@type\":\"WebSite\",\"@id\":\"https:\/\/www.dehesadebular.com\/en\/#website\",\"url\":\"https:\/\/www.dehesadebular.com\/en\/\",\"name\":\"Dehesa de B\u00falar\",\"description\":\"Empresa joven creada para poner en valor la finca del Cortijo Nuevo de B\u00falar y comercializar nuestro aceite de oliva virgen extra ecol\u00f3gico premium: Oil\u00e9 by Dehesa de B\u00falar.\",\"publisher\":{\"@id\":\"https:\/\/www.dehesadebular.com\/en\/#organization\"},\"potentialAction\":[{\"@type\":\"SearchAction\",\"target\":{\"@type\":\"EntryPoint\",\"urlTemplate\":\"https:\/\/www.dehesadebular.com\/en\/?s={search_term_string}\"},\"query-input\":\"required name=search_term_string\"}],\"inLanguage\":\"en-US\"},{\"@type\":\"Organization\",\"@id\":\"https:\/\/www.dehesadebular.com\/en\/#organization\",\"name\":\"Oil\u00e9 Dehesa de Bular\",\"url\":\"https:\/\/www.dehesadebular.com\/en\/\",\"logo\":{\"@type\":\"ImageObject\",\"inLanguage\":\"en-US\",\"@id\":\"https:\/\/www.dehesadebular.com\/en\/#\/schema\/logo\/image\/\",\"url\":\"https:\/\/www.dehesadebular.com\/wp-content\/uploads\/2017\/10\/logo-banner.png\",\"contentUrl\":\"https:\/\/www.dehesadebular.com\/wp-content\/uploads\/2017\/10\/logo-banner.png\",\"width\":154,\"height\":123,\"caption\":\"Oil\u00e9 Dehesa de Bular\"},\"image\":{\"@id\":\"https:\/\/www.dehesadebular.com\/en\/#\/schema\/logo\/image\/\"}}]}<\/script>\n<!-- \/ Yoast SEO plugin. -->","yoast_head_json":{"title":"Dehesa de B\u00falar - Dehesa de B\u00falar","robots":{"index":"index","follow":"follow","max-snippet":"max-snippet:-1","max-image-preview":"max-image-preview:large","max-video-preview":"max-video-preview:-1"},"canonical":"https:\/\/www.dehesadebular.com\/en\/","og_locale":"en_US","og_type":"article","og_title":"Dehesa de B\u00falar - Dehesa de B\u00falar","og_description":"Family tradition, the high quality of the product, sustainable land management that enhances the natural biodiversity of the agroecosystem and the quest for environmental sustainability are the hallmarks of our company.","og_url":"https:\/\/www.dehesadebular.com\/en\/","og_site_name":"Dehesa de B\u00falar","article_modified_time":"2019-05-27T08:50:56+00:00","og_image":[{"width":750,"height":500,"url":"https:\/\/www.dehesadebular.com\/wp-content\/uploads\/2018\/12\/1-18-750x500.jpg","type":"image\/jpeg"}],"twitter_card":"summary_large_image","schema":{"@context":"https:\/\/schema.org","@graph":[{"@type":"WebPage","@id":"https:\/\/www.dehesadebular.com\/en\/","url":"https:\/\/www.dehesadebular.com\/en\/","name":"Dehesa de B\u00falar - Dehesa de B\u00falar","isPartOf":{"@id":"https:\/\/www.dehesadebular.com\/en\/#website"},"datePublished":"2019-05-27T08:50:37+00:00","dateModified":"2019-05-27T08:50:56+00:00","breadcrumb":{"@id":"https:\/\/www.dehesadebular.com\/en\/#breadcrumb"},"inLanguage":"en-US","potentialAction":[{"@type":"ReadAction","target":["https:\/\/www.dehesadebular.com\/en\/"]}]},{"@type":"BreadcrumbList","@id":"https:\/\/www.dehesadebular.com\/en\/#breadcrumb","itemListElement":[{"@type":"ListItem","position":1,"name":"Portada","item":"https:\/\/www.dehesadebular.com\/en\/"},{"@type":"ListItem","position":2,"name":"Dehesa de B\u00falar"}]},{"@type":"WebSite","@id":"https:\/\/www.dehesadebular.com\/en\/#website","url":"https:\/\/www.dehesadebular.com\/en\/","name":"Dehesa de B\u00falar","description":"Empresa joven creada para poner en valor la finca del Cortijo Nuevo de B\u00falar y comercializar nuestro aceite de oliva virgen extra ecol\u00f3gico premium: Oil\u00e9 by Dehesa de B\u00falar.","publisher":{"@id":"https:\/\/www.dehesadebular.com\/en\/#organization"},"potentialAction":[{"@type":"SearchAction","target":{"@type":"EntryPoint","urlTemplate":"https:\/\/www.dehesadebular.com\/en\/?s={search_term_string}"},"query-input":"required name=search_term_string"}],"inLanguage":"en-US"},{"@type":"Organization","@id":"https:\/\/www.dehesadebular.com\/en\/#organization","name":"Oil\u00e9 Dehesa de Bular","url":"https:\/\/www.dehesadebular.com\/en\/","logo":{"@type":"ImageObject","inLanguage":"en-US","@id":"https:\/\/www.dehesadebular.com\/en\/#\/schema\/logo\/image\/","url":"https:\/\/www.dehesadebular.com\/wp-content\/uploads\/2017\/10\/logo-banner.png","contentUrl":"https:\/\/www.dehesadebular.com\/wp-content\/uploads\/2017\/10\/logo-banner.png","width":154,"height":123,"caption":"Oil\u00e9 Dehesa de Bular"},"image":{"@id":"https:\/\/www.dehesadebular.com\/en\/#\/schema\/logo\/image\/"}}]}},"_links":{"self":[{"href":"https:\/\/www.dehesadebular.com\/en\/wp-json\/wp\/v2\/pages\/1289"}],"collection":[{"href":"https:\/\/www.dehesadebular.com\/en\/wp-json\/wp\/v2\/pages"}],"about":[{"href":"https:\/\/www.dehesadebular.com\/en\/wp-json\/wp\/v2\/types\/page"}],"author":[{"embeddable":true,"href":"https:\/\/www.dehesadebular.com\/en\/wp-json\/wp\/v2\/users\/1"}],"replies":[{"embeddable":true,"href":"https:\/\/www.dehesadebular.com\/en\/wp-json\/wp\/v2\/comments?post=1289"}],"version-history":[{"count":2,"href":"https:\/\/www.dehesadebular.com\/en\/wp-json\/wp\/v2\/pages\/1289\/revisions"}],"predecessor-version":[{"id":1291,"href":"https:\/\/www.dehesadebular.com\/en\/wp-json\/wp\/v2\/pages\/1289\/revisions\/1291"}],"wp:featuredmedia":[{"embeddable":true,"href":"https:\/\/www.dehesadebular.com\/en\/wp-json\/wp\/v2\/media\/1177"}],"wp:attachment":[{"href":"https:\/\/www.dehesadebular.com\/en\/wp-json\/wp\/v2\/media?parent=1289"}],"curies":[{"name":"wp","href":"https:\/\/api.w.org\/{rel}","templated":true}]}}