{"id":1317,"date":"2019-05-27T10:53:01","date_gmt":"2019-05-27T09:53:01","guid":{"rendered":"https:\/\/www.dehesadebular.com\/?page_id=1317"},"modified":"2019-05-27T10:55:18","modified_gmt":"2019-05-27T09:55:18","slug":"contact","status":"publish","type":"page","link":"https:\/\/www.dehesadebular.com\/en\/contact\/","title":{"rendered":"Contact"},"content":{"rendered":"<script type=\"text\/javascript\">var gform;gform||(document.addEventListener(\"gform_main_scripts_loaded\",function(){gform.scriptsLoaded=!0}),window.addEventListener(\"DOMContentLoaded\",function(){gform.domLoaded=!0}),gform={domLoaded:!1,scriptsLoaded:!1,initializeOnLoaded:function(o){gform.domLoaded&&gform.scriptsLoaded?o():!gform.domLoaded&&gform.scriptsLoaded?window.addEventListener(\"DOMContentLoaded\",o):document.addEventListener(\"gform_main_scripts_loaded\",o)},hooks:{action:{},filter:{}},addAction:function(o,n,r,t){gform.addHook(\"action\",o,n,r,t)},addFilter:function(o,n,r,t){gform.addHook(\"filter\",o,n,r,t)},doAction:function(o){gform.doHook(\"action\",o,arguments)},applyFilters:function(o){return gform.doHook(\"filter\",o,arguments)},removeAction:function(o,n){gform.removeHook(\"action\",o,n)},removeFilter:function(o,n,r){gform.removeHook(\"filter\",o,n,r)},addHook:function(o,n,r,t,i){null==gform.hooks[o][n]&&(gform.hooks[o][n]=[]);var e=gform.hooks[o][n];null==i&&(i=n+\"_\"+e.length),gform.hooks[o][n].push({tag:i,callable:r,priority:t=null==t?10:t})},doHook:function(n,o,r){var t;if(r=Array.prototype.slice.call(r,1),null!=gform.hooks[n][o]&&((o=gform.hooks[n][o]).sort(function(o,n){return o.priority-n.priority}),o.forEach(function(o){\"function\"!=typeof(t=o.callable)&&(t=window[t]),\"action\"==n?t.apply(null,r):r[0]=t.apply(null,r)})),\"filter\"==n)return r[0]},removeHook:function(o,n,t,i){var r;null!=gform.hooks[o][n]&&(r=(r=gform.hooks[o][n]).filter(function(o,n,r){return!!(null!=i&&i!=o.tag||null!=t&&t!=o.priority)}),gform.hooks[o][n]=r)}});<\/script>\n                <div class='gf_browser_gecko gform_wrapper gform_legacy_markup_wrapper' id='gform_wrapper_1' >\n                        <div class='gform_heading'>\n                            <span class='gform_description'>If you wish to contact us you can do so through the following form.<\/span>\n                        <\/div><form method='post' enctype='multipart\/form-data'  id='gform_1'  action='\/en\/wp-json\/wp\/v2\/pages\/1317' >\n                        <div class='gform_body gform-body'><ul id='gform_fields_1' class='gform_fields top_label form_sublabel_below description_below'><li id=\"field_1_1\"  class=\"gfield gfield_contains_required field_sublabel_below field_description_below gfield_visibility_visible\"  data-js-reload=\"field_1_1\"><label class='gfield_label' for='input_1_1' >Name<span class=\"gfield_required\"><span class=\"gfield_required gfield_required_asterisk\">*<\/span><\/span><\/label><div class='ginput_container ginput_container_text'><input name='input_1' id='input_1_1' type='text' value='' class='large'    placeholder='Your name' aria-required=\"true\" aria-invalid=\"false\"   \/> <\/div><\/li><li id=\"field_1_2\"  class=\"gfield gfield_contains_required field_sublabel_below field_description_below gfield_visibility_visible\"  data-js-reload=\"field_1_2\"><label class='gfield_label' for='input_1_2' >Phone<span class=\"gfield_required\"><span class=\"gfield_required gfield_required_asterisk\">*<\/span><\/span><\/label><div class='ginput_container ginput_container_phone'><input name='input_2' id='input_1_2' type='text' value='' class='large'  placeholder=' Your phone' aria-required=\"true\" aria-invalid=\"false\"   \/><\/div><\/li><li id=\"field_1_3\"  class=\"gfield gfield_contains_required field_sublabel_below field_description_below gfield_visibility_visible\"  data-js-reload=\"field_1_3\"><label class='gfield_label' for='input_1_3' >Email<span class=\"gfield_required\"><span class=\"gfield_required gfield_required_asterisk\">*<\/span><\/span><\/label><div class='ginput_container ginput_container_email'>\n                            <input name='input_3' id='input_1_3' type='text' value='' class='large'   placeholder='Your email' aria-required=\"true\" aria-invalid=\"false\"  \/>\n                        <\/div><\/li><li id=\"field_1_4\"  class=\"gfield gfield_contains_required field_sublabel_below field_description_below gfield_visibility_visible\"  data-js-reload=\"field_1_4\"><label class='gfield_label' for='input_1_4' >Subject<span class=\"gfield_required\"><span class=\"gfield_required gfield_required_asterisk\">*<\/span><\/span><\/label><div class='ginput_container ginput_container_textarea'><textarea name='input_4' id='input_1_4' class='textarea small'    placeholder='Your message' aria-required=\"true\" aria-invalid=\"false\"   rows='10' cols='50'><\/textarea><\/div><\/li><li id=\"field_1_5\"  class=\"gfield gfield_contains_required field_sublabel_below field_description_below gfield_visibility_visible\"  data-js-reload=\"field_1_5\"><label class='gfield_label gfield_label_before_complex'  > Privacy Policy<span class=\"gfield_required\"><span class=\"gfield_required gfield_required_asterisk\">*<\/span><\/span><\/label><div class='ginput_container ginput_container_checkbox'><ul class='gfield_checkbox' id='input_1_5'><li class='gchoice gchoice_1_5_1'>\n\t\t\t\t\t\t\t\t<input class='gfield-choice-input' name='input_5.1' type='checkbox'  value='He le\u00eddo y acepto la &lt;a target=&quot;_blank&quot; href=&quot;\/politica-de-privacidad-contacto\/&quot; rel=&quot;nofollow&quot;&gt;pol\u00edtica de privacidad*&lt;\/a&gt;.'  id='choice_1_5_1'   \/>\n\t\t\t\t\t\t\t\t<label for='choice_1_5_1' id='label_1_5_1'> I have read and accept the <a target=\"_blank\" href=\"https:\/en\/privacy-policy\/\" rel=\"nofollow\">privacy-policy*<\/a>.<\/label>\n\t\t\t\t\t\t\t<\/li><\/ul><\/div><\/li><li id=\"field_1_6\"  class=\"gfield field_sublabel_below field_description_below hidden_label gfield_visibility_visible\"  data-js-reload=\"field_1_6\"><label class='gfield_label' for='input_1_6' >CAPTCHA<\/label><div id='input_1_6' class='ginput_container ginput_recaptcha' data-sitekey='6LdzTeUUAAAAAKNPJOI83usF4w7m88NOcp6W-bEz'  data-theme='light' data-tabindex='0'  data-badge=''><\/div><\/li><li id=\"field_1_7\"  class=\"gfield gform_validation_container field_sublabel_below field_description_below gfield_visibility_visible\"  data-js-reload=\"field_1_7\"><label class='gfield_label' for='input_1_7' >Comments<\/label><div class='ginput_container'><input name='input_7' id='input_1_7' type='text' value='' \/><\/div><div class='gfield_description' id='gfield_description_1_7'>This field is for validation purposes and should be left unchanged.<\/div><\/li><\/ul><\/div>\n        <div class='gform_footer top_label'> <input type='submit' id='gform_submit_button_1' class='gform_button button' value='Send Message'  onclick='if(window[\"gf_submitting_1\"]){return false;}  window[\"gf_submitting_1\"]=true;  ' onkeypress='if( event.keyCode == 13 ){ if(window[\"gf_submitting_1\"]){return false;} window[\"gf_submitting_1\"]=true;  jQuery(\"#gform_1\").trigger(\"submit\",[true]); }' \/> \n            <input type='hidden' class='gform_hidden' name='is_submit_1' value='1' \/>\n            <input type='hidden' class='gform_hidden' name='gform_submit' value='1' \/>\n            \n            <input type='hidden' class='gform_hidden' name='gform_unique_id' value='' \/>\n            <input type='hidden' class='gform_hidden' name='state_1' value='WyJbXSIsImM2NTBkZDFhM2Y0YjNmNDBjMTAxZWUyMjdkNDFlODVkIl0=' \/>\n            <input type='hidden' class='gform_hidden' name='gform_target_page_number_1' id='gform_target_page_number_1' value='0' \/>\n            <input type='hidden' class='gform_hidden' name='gform_source_page_number_1' id='gform_source_page_number_1' value='1' \/>\n            <input type='hidden' name='gform_field_values' value='' \/>\n            \n        <\/div>\n                        <\/form>\n                        <\/div>\n","protected":false},"excerpt":{"rendered":"","protected":false},"author":1,"featured_media":0,"parent":0,"menu_order":0,"comment_status":"closed","ping_status":"open","template":"template-contacto-d.php","meta":[],"acf":[],"yoast_head":"<!-- This site is optimized with the Yoast SEO plugin v19.10 - https:\/\/yoast.com\/wordpress\/plugins\/seo\/ -->\n<title>Contact - Dehesa de B\u00falar<\/title>\n<meta name=\"robots\" content=\"index, follow, max-snippet:-1, max-image-preview:large, max-video-preview:-1\" \/>\n<link rel=\"canonical\" href=\"https:\/\/www.dehesadebular.com\/en\/contact\/\" \/>\n<meta property=\"og:locale\" content=\"en_US\" \/>\n<meta property=\"og:type\" content=\"article\" \/>\n<meta property=\"og:title\" content=\"Contact - Dehesa de B\u00falar\" \/>\n<meta property=\"og:url\" content=\"https:\/\/www.dehesadebular.com\/en\/contact\/\" \/>\n<meta property=\"og:site_name\" content=\"Dehesa de B\u00falar\" \/>\n<meta property=\"article:modified_time\" content=\"2019-05-27T09:55:18+00:00\" \/>\n<meta name=\"twitter:card\" content=\"summary_large_image\" \/>\n<script type=\"application\/ld+json\" class=\"yoast-schema-graph\">{\"@context\":\"https:\/\/schema.org\",\"@graph\":[{\"@type\":\"WebPage\",\"@id\":\"https:\/\/www.dehesadebular.com\/en\/contact\/\",\"url\":\"https:\/\/www.dehesadebular.com\/en\/contact\/\",\"name\":\"Contact - Dehesa de B\u00falar\",\"isPartOf\":{\"@id\":\"https:\/\/www.dehesadebular.com\/en\/#website\"},\"datePublished\":\"2019-05-27T09:53:01+00:00\",\"dateModified\":\"2019-05-27T09:55:18+00:00\",\"breadcrumb\":{\"@id\":\"https:\/\/www.dehesadebular.com\/en\/contact\/#breadcrumb\"},\"inLanguage\":\"en-US\",\"potentialAction\":[{\"@type\":\"ReadAction\",\"target\":[\"https:\/\/www.dehesadebular.com\/en\/contact\/\"]}]},{\"@type\":\"BreadcrumbList\",\"@id\":\"https:\/\/www.dehesadebular.com\/en\/contact\/#breadcrumb\",\"itemListElement\":[{\"@type\":\"ListItem\",\"position\":1,\"name\":\"Portada\",\"item\":\"https:\/\/www.dehesadebular.com\/en\/\"},{\"@type\":\"ListItem\",\"position\":2,\"name\":\"Contact\"}]},{\"@type\":\"WebSite\",\"@id\":\"https:\/\/www.dehesadebular.com\/en\/#website\",\"url\":\"https:\/\/www.dehesadebular.com\/en\/\",\"name\":\"Dehesa de B\u00falar\",\"description\":\"Empresa joven creada para poner en valor la finca del Cortijo Nuevo de B\u00falar y comercializar nuestro aceite de oliva virgen extra ecol\u00f3gico premium: Oil\u00e9 by Dehesa de B\u00falar.\",\"publisher\":{\"@id\":\"https:\/\/www.dehesadebular.com\/en\/#organization\"},\"potentialAction\":[{\"@type\":\"SearchAction\",\"target\":{\"@type\":\"EntryPoint\",\"urlTemplate\":\"https:\/\/www.dehesadebular.com\/en\/?s={search_term_string}\"},\"query-input\":\"required name=search_term_string\"}],\"inLanguage\":\"en-US\"},{\"@type\":\"Organization\",\"@id\":\"https:\/\/www.dehesadebular.com\/en\/#organization\",\"name\":\"Oil\u00e9 Dehesa de Bular\",\"url\":\"https:\/\/www.dehesadebular.com\/en\/\",\"logo\":{\"@type\":\"ImageObject\",\"inLanguage\":\"en-US\",\"@id\":\"https:\/\/www.dehesadebular.com\/en\/#\/schema\/logo\/image\/\",\"url\":\"https:\/\/www.dehesadebular.com\/wp-content\/uploads\/2017\/10\/logo-banner.png\",\"contentUrl\":\"https:\/\/www.dehesadebular.com\/wp-content\/uploads\/2017\/10\/logo-banner.png\",\"width\":154,\"height\":123,\"caption\":\"Oil\u00e9 Dehesa de Bular\"},\"image\":{\"@id\":\"https:\/\/www.dehesadebular.com\/en\/#\/schema\/logo\/image\/\"}}]}<\/script>\n<!-- \/ Yoast SEO plugin. -->","yoast_head_json":{"title":"Contact - Dehesa de B\u00falar","robots":{"index":"index","follow":"follow","max-snippet":"max-snippet:-1","max-image-preview":"max-image-preview:large","max-video-preview":"max-video-preview:-1"},"canonical":"https:\/\/www.dehesadebular.com\/en\/contact\/","og_locale":"en_US","og_type":"article","og_title":"Contact - Dehesa de B\u00falar","og_url":"https:\/\/www.dehesadebular.com\/en\/contact\/","og_site_name":"Dehesa de B\u00falar","article_modified_time":"2019-05-27T09:55:18+00:00","twitter_card":"summary_large_image","schema":{"@context":"https:\/\/schema.org","@graph":[{"@type":"WebPage","@id":"https:\/\/www.dehesadebular.com\/en\/contact\/","url":"https:\/\/www.dehesadebular.com\/en\/contact\/","name":"Contact - Dehesa de B\u00falar","isPartOf":{"@id":"https:\/\/www.dehesadebular.com\/en\/#website"},"datePublished":"2019-05-27T09:53:01+00:00","dateModified":"2019-05-27T09:55:18+00:00","breadcrumb":{"@id":"https:\/\/www.dehesadebular.com\/en\/contact\/#breadcrumb"},"inLanguage":"en-US","potentialAction":[{"@type":"ReadAction","target":["https:\/\/www.dehesadebular.com\/en\/contact\/"]}]},{"@type":"BreadcrumbList","@id":"https:\/\/www.dehesadebular.com\/en\/contact\/#breadcrumb","itemListElement":[{"@type":"ListItem","position":1,"name":"Portada","item":"https:\/\/www.dehesadebular.com\/en\/"},{"@type":"ListItem","position":2,"name":"Contact"}]},{"@type":"WebSite","@id":"https:\/\/www.dehesadebular.com\/en\/#website","url":"https:\/\/www.dehesadebular.com\/en\/","name":"Dehesa de B\u00falar","description":"Empresa joven creada para poner en valor la finca del Cortijo Nuevo de B\u00falar y comercializar nuestro aceite de oliva virgen extra ecol\u00f3gico premium: Oil\u00e9 by Dehesa de B\u00falar.","publisher":{"@id":"https:\/\/www.dehesadebular.com\/en\/#organization"},"potentialAction":[{"@type":"SearchAction","target":{"@type":"EntryPoint","urlTemplate":"https:\/\/www.dehesadebular.com\/en\/?s={search_term_string}"},"query-input":"required name=search_term_string"}],"inLanguage":"en-US"},{"@type":"Organization","@id":"https:\/\/www.dehesadebular.com\/en\/#organization","name":"Oil\u00e9 Dehesa de Bular","url":"https:\/\/www.dehesadebular.com\/en\/","logo":{"@type":"ImageObject","inLanguage":"en-US","@id":"https:\/\/www.dehesadebular.com\/en\/#\/schema\/logo\/image\/","url":"https:\/\/www.dehesadebular.com\/wp-content\/uploads\/2017\/10\/logo-banner.png","contentUrl":"https:\/\/www.dehesadebular.com\/wp-content\/uploads\/2017\/10\/logo-banner.png","width":154,"height":123,"caption":"Oil\u00e9 Dehesa de Bular"},"image":{"@id":"https:\/\/www.dehesadebular.com\/en\/#\/schema\/logo\/image\/"}}]}},"_links":{"self":[{"href":"https:\/\/www.dehesadebular.com\/en\/wp-json\/wp\/v2\/pages\/1317"}],"collection":[{"href":"https:\/\/www.dehesadebular.com\/en\/wp-json\/wp\/v2\/pages"}],"about":[{"href":"https:\/\/www.dehesadebular.com\/en\/wp-json\/wp\/v2\/types\/page"}],"author":[{"embeddable":true,"href":"https:\/\/www.dehesadebular.com\/en\/wp-json\/wp\/v2\/users\/1"}],"replies":[{"embeddable":true,"href":"https:\/\/www.dehesadebular.com\/en\/wp-json\/wp\/v2\/comments?post=1317"}],"version-history":[{"count":2,"href":"https:\/\/www.dehesadebular.com\/en\/wp-json\/wp\/v2\/pages\/1317\/revisions"}],"predecessor-version":[{"id":1321,"href":"https:\/\/www.dehesadebular.com\/en\/wp-json\/wp\/v2\/pages\/1317\/revisions\/1321"}],"wp:attachment":[{"href":"https:\/\/www.dehesadebular.com\/en\/wp-json\/wp\/v2\/media?parent=1317"}],"curies":[{"name":"wp","href":"https:\/\/api.w.org\/{rel}","templated":true}]}}