{"id":1421,"date":"2017-02-08T17:56:44","date_gmt":"2017-02-08T16:56:44","guid":{"rendered":"https:\/\/www.dehesadebular.com\/productos\/"},"modified":"2019-08-27T12:26:59","modified_gmt":"2019-08-27T11:26:59","slug":"produits","status":"publish","type":"page","link":"https:\/\/www.dehesadebular.com\/fr\/produits\/","title":{"rendered":"Nos produits"},"content":{"rendered":"<p><strong>Oil\u00e9 by Dehesa de B\u00falar<\/strong> est une superbe huile d\u2019olive vierge extra premium, exclusivement extraite d\u2019une <strong>premi\u00e8re pression \u00e0 froid<\/strong> de la <strong>r\u00e9colte pr\u00e9coce<\/strong> d\u2019olives des vari\u00e9t\u00e9s <strong>Picual et Hojiblanca<\/strong> cultiv\u00e9es sur notre domaine.<\/p>\n<p>Amer et piquante, d\u2019un fruit\u00e9 vert profond, aux ar\u00f4mes d\u2019herbe fraiche, \u00e9quilibr\u00e9e et complexe, Oil\u00e9 by Dehesa de B\u00falar a re\u00e7u en 2019 et 2017 la m\u00e9daille d\u2019argent de la prestigieuse <strong>New York International Olive Oil Competition<\/strong>, et entre en 2019 dans le guide <strong>EVOOLEUM<\/strong> r\u00e9f\u00e9rent les 100 meilleures huiles extra vierges du monde avec une medaille pour le design du packaging.<\/p>\n<p>Nous f\u00eemes le choix de sa commercialisation sous le format d\u2019une conserve en canette \u00e0 la personnalit\u00e9 marqu\u00e9e afin d\u2019assurer la conservation optimale des qualit\u00e9s organoleptiques de l\u2019huile. Un emballage traditionnel aux racines profondes qui remonte aux origines du produit, mais \u00e0 l\u2019esprit pratique, moderne et contemporain.<\/p>\n<blockquote><p><em><strong>ATTENTION ! les commandes de 24 heures ne seront trait\u00e9es \u00e0 temps que si elles sont re\u00e7ues les jours ouvrables avant 16h00, merci de votre compr\u00e9hension !<\/strong><\/em><\/p><\/blockquote>\n","protected":false},"excerpt":{"rendered":"<p>Oil\u00e9 by Dehesa de B\u00falar est une superbe huile d\u2019olive vierge extra premium, exclusivement extraite d\u2019une premi\u00e8re pression \u00e0 froid de la r\u00e9colte pr\u00e9coce d\u2019olives des vari\u00e9t\u00e9s Picual et Hojiblanca cultiv\u00e9es sur notre domaine. Amer et piquante, d\u2019un fruit\u00e9 vert profond, aux ar\u00f4mes d\u2019herbe fraiche, \u00e9quilibr\u00e9e et complexe, Oil\u00e9 by Dehesa de B\u00falar a re\u00e7u&#8230; <a class=\"view-article\" href=\"https:\/\/www.dehesadebular.com\/fr\/produits\/\">View Article<\/a><\/p>\n","protected":false},"author":1,"featured_media":1422,"parent":0,"menu_order":0,"comment_status":"closed","ping_status":"open","template":"","meta":[],"acf":[],"yoast_head":"<!-- This site is optimized with the Yoast SEO plugin v19.10 - https:\/\/yoast.com\/wordpress\/plugins\/seo\/ -->\n<title>Nos produits - Dehesa de B\u00falar<\/title>\n<meta name=\"robots\" content=\"index, follow, max-snippet:-1, max-image-preview:large, max-video-preview:-1\" \/>\n<link rel=\"canonical\" href=\"https:\/\/www.dehesadebular.com\/fr\/produits\/\" \/>\n<meta property=\"og:locale\" content=\"fr_FR\" \/>\n<meta property=\"og:type\" content=\"article\" \/>\n<meta property=\"og:title\" content=\"Nos produits - Dehesa de B\u00falar\" \/>\n<meta property=\"og:description\" content=\"Oil\u00e9 by Dehesa de B\u00falar est une superbe huile d\u2019olive vierge extra premium, exclusivement extraite d\u2019une premi\u00e8re pression \u00e0 froid de la r\u00e9colte pr\u00e9coce d\u2019olives des vari\u00e9t\u00e9s Picual et Hojiblanca cultiv\u00e9es sur notre domaine. Amer et piquante, d\u2019un fruit\u00e9 vert profond, aux ar\u00f4mes d\u2019herbe fraiche, \u00e9quilibr\u00e9e et complexe, Oil\u00e9 by Dehesa de B\u00falar a re\u00e7u... View Article\" \/>\n<meta property=\"og:url\" content=\"https:\/\/www.dehesadebular.com\/fr\/produits\/\" \/>\n<meta property=\"og:site_name\" content=\"Dehesa de B\u00falar\" \/>\n<meta property=\"article:modified_time\" content=\"2019-08-27T11:26:59+00:00\" \/>\n<meta property=\"og:image\" content=\"https:\/\/www.dehesadebular.com\/wp-content\/uploads\/2017\/10\/aceite.jpg\" \/>\n\t<meta property=\"og:image:width\" content=\"1500\" \/>\n\t<meta property=\"og:image:height\" content=\"620\" \/>\n\t<meta property=\"og:image:type\" content=\"image\/jpeg\" \/>\n<meta name=\"twitter:card\" content=\"summary_large_image\" \/>\n<meta name=\"twitter:label1\" content=\"Dur\u00e9e de lecture estim\u00e9e\" \/>\n\t<meta name=\"twitter:data1\" content=\"1 minute\" \/>\n<script type=\"application\/ld+json\" class=\"yoast-schema-graph\">{\"@context\":\"https:\/\/schema.org\",\"@graph\":[{\"@type\":\"WebPage\",\"@id\":\"https:\/\/www.dehesadebular.com\/fr\/produits\/\",\"url\":\"https:\/\/www.dehesadebular.com\/fr\/produits\/\",\"name\":\"Nos produits - Dehesa de B\u00falar\",\"isPartOf\":{\"@id\":\"https:\/\/www.dehesadebular.com\/fr\/#website\"},\"datePublished\":\"2017-02-08T16:56:44+00:00\",\"dateModified\":\"2019-08-27T11:26:59+00:00\",\"breadcrumb\":{\"@id\":\"https:\/\/www.dehesadebular.com\/fr\/produits\/#breadcrumb\"},\"inLanguage\":\"fr-FR\",\"potentialAction\":[{\"@type\":\"ReadAction\",\"target\":[\"https:\/\/www.dehesadebular.com\/fr\/produits\/\"]}]},{\"@type\":\"BreadcrumbList\",\"@id\":\"https:\/\/www.dehesadebular.com\/fr\/produits\/#breadcrumb\",\"itemListElement\":[{\"@type\":\"ListItem\",\"position\":1,\"name\":\"Portada\",\"item\":\"https:\/\/www.dehesadebular.com\/fr\/\"},{\"@type\":\"ListItem\",\"position\":2,\"name\":\"Nos produits\"}]},{\"@type\":\"WebSite\",\"@id\":\"https:\/\/www.dehesadebular.com\/fr\/#website\",\"url\":\"https:\/\/www.dehesadebular.com\/fr\/\",\"name\":\"Dehesa de B\u00falar\",\"description\":\"Empresa joven creada para poner en valor la finca del Cortijo Nuevo de B\u00falar y comercializar nuestro aceite de oliva virgen extra ecol\u00f3gico premium: Oil\u00e9 by Dehesa de B\u00falar.\",\"publisher\":{\"@id\":\"https:\/\/www.dehesadebular.com\/fr\/#organization\"},\"potentialAction\":[{\"@type\":\"SearchAction\",\"target\":{\"@type\":\"EntryPoint\",\"urlTemplate\":\"https:\/\/www.dehesadebular.com\/fr\/?s={search_term_string}\"},\"query-input\":\"required name=search_term_string\"}],\"inLanguage\":\"fr-FR\"},{\"@type\":\"Organization\",\"@id\":\"https:\/\/www.dehesadebular.com\/fr\/#organization\",\"name\":\"Oil\u00e9 Dehesa de Bular\",\"url\":\"https:\/\/www.dehesadebular.com\/fr\/\",\"logo\":{\"@type\":\"ImageObject\",\"inLanguage\":\"fr-FR\",\"@id\":\"https:\/\/www.dehesadebular.com\/fr\/#\/schema\/logo\/image\/\",\"url\":\"https:\/\/www.dehesadebular.com\/wp-content\/uploads\/2017\/10\/logo-banner.png\",\"contentUrl\":\"https:\/\/www.dehesadebular.com\/wp-content\/uploads\/2017\/10\/logo-banner.png\",\"width\":154,\"height\":123,\"caption\":\"Oil\u00e9 Dehesa de Bular\"},\"image\":{\"@id\":\"https:\/\/www.dehesadebular.com\/fr\/#\/schema\/logo\/image\/\"}}]}<\/script>\n<!-- \/ Yoast SEO plugin. -->","yoast_head_json":{"title":"Nos produits - Dehesa de B\u00falar","robots":{"index":"index","follow":"follow","max-snippet":"max-snippet:-1","max-image-preview":"max-image-preview:large","max-video-preview":"max-video-preview:-1"},"canonical":"https:\/\/www.dehesadebular.com\/fr\/produits\/","og_locale":"fr_FR","og_type":"article","og_title":"Nos produits - Dehesa de B\u00falar","og_description":"Oil\u00e9 by Dehesa de B\u00falar est une superbe huile d\u2019olive vierge extra premium, exclusivement extraite d\u2019une premi\u00e8re pression \u00e0 froid de la r\u00e9colte pr\u00e9coce d\u2019olives des vari\u00e9t\u00e9s Picual et Hojiblanca cultiv\u00e9es sur notre domaine. Amer et piquante, d\u2019un fruit\u00e9 vert profond, aux ar\u00f4mes d\u2019herbe fraiche, \u00e9quilibr\u00e9e et complexe, Oil\u00e9 by Dehesa de B\u00falar a re\u00e7u... View Article","og_url":"https:\/\/www.dehesadebular.com\/fr\/produits\/","og_site_name":"Dehesa de B\u00falar","article_modified_time":"2019-08-27T11:26:59+00:00","og_image":[{"width":1500,"height":620,"url":"https:\/\/www.dehesadebular.com\/wp-content\/uploads\/2017\/10\/aceite.jpg","type":"image\/jpeg"}],"twitter_card":"summary_large_image","twitter_misc":{"Dur\u00e9e de lecture estim\u00e9e":"1 minute"},"schema":{"@context":"https:\/\/schema.org","@graph":[{"@type":"WebPage","@id":"https:\/\/www.dehesadebular.com\/fr\/produits\/","url":"https:\/\/www.dehesadebular.com\/fr\/produits\/","name":"Nos produits - Dehesa de B\u00falar","isPartOf":{"@id":"https:\/\/www.dehesadebular.com\/fr\/#website"},"datePublished":"2017-02-08T16:56:44+00:00","dateModified":"2019-08-27T11:26:59+00:00","breadcrumb":{"@id":"https:\/\/www.dehesadebular.com\/fr\/produits\/#breadcrumb"},"inLanguage":"fr-FR","potentialAction":[{"@type":"ReadAction","target":["https:\/\/www.dehesadebular.com\/fr\/produits\/"]}]},{"@type":"BreadcrumbList","@id":"https:\/\/www.dehesadebular.com\/fr\/produits\/#breadcrumb","itemListElement":[{"@type":"ListItem","position":1,"name":"Portada","item":"https:\/\/www.dehesadebular.com\/fr\/"},{"@type":"ListItem","position":2,"name":"Nos produits"}]},{"@type":"WebSite","@id":"https:\/\/www.dehesadebular.com\/fr\/#website","url":"https:\/\/www.dehesadebular.com\/fr\/","name":"Dehesa de B\u00falar","description":"Empresa joven creada para poner en valor la finca del Cortijo Nuevo de B\u00falar y comercializar nuestro aceite de oliva virgen extra ecol\u00f3gico premium: Oil\u00e9 by Dehesa de B\u00falar.","publisher":{"@id":"https:\/\/www.dehesadebular.com\/fr\/#organization"},"potentialAction":[{"@type":"SearchAction","target":{"@type":"EntryPoint","urlTemplate":"https:\/\/www.dehesadebular.com\/fr\/?s={search_term_string}"},"query-input":"required name=search_term_string"}],"inLanguage":"fr-FR"},{"@type":"Organization","@id":"https:\/\/www.dehesadebular.com\/fr\/#organization","name":"Oil\u00e9 Dehesa de Bular","url":"https:\/\/www.dehesadebular.com\/fr\/","logo":{"@type":"ImageObject","inLanguage":"fr-FR","@id":"https:\/\/www.dehesadebular.com\/fr\/#\/schema\/logo\/image\/","url":"https:\/\/www.dehesadebular.com\/wp-content\/uploads\/2017\/10\/logo-banner.png","contentUrl":"https:\/\/www.dehesadebular.com\/wp-content\/uploads\/2017\/10\/logo-banner.png","width":154,"height":123,"caption":"Oil\u00e9 Dehesa de Bular"},"image":{"@id":"https:\/\/www.dehesadebular.com\/fr\/#\/schema\/logo\/image\/"}}]}},"_links":{"self":[{"href":"https:\/\/www.dehesadebular.com\/fr\/wp-json\/wp\/v2\/pages\/1421"}],"collection":[{"href":"https:\/\/www.dehesadebular.com\/fr\/wp-json\/wp\/v2\/pages"}],"about":[{"href":"https:\/\/www.dehesadebular.com\/fr\/wp-json\/wp\/v2\/types\/page"}],"author":[{"embeddable":true,"href":"https:\/\/www.dehesadebular.com\/fr\/wp-json\/wp\/v2\/users\/1"}],"replies":[{"embeddable":true,"href":"https:\/\/www.dehesadebular.com\/fr\/wp-json\/wp\/v2\/comments?post=1421"}],"version-history":[{"count":4,"href":"https:\/\/www.dehesadebular.com\/fr\/wp-json\/wp\/v2\/pages\/1421\/revisions"}],"predecessor-version":[{"id":1518,"href":"https:\/\/www.dehesadebular.com\/fr\/wp-json\/wp\/v2\/pages\/1421\/revisions\/1518"}],"wp:featuredmedia":[{"embeddable":true,"href":"https:\/\/www.dehesadebular.com\/fr\/wp-json\/wp\/v2\/media\/1422"}],"wp:attachment":[{"href":"https:\/\/www.dehesadebular.com\/fr\/wp-json\/wp\/v2\/media?parent=1421"}],"curies":[{"name":"wp","href":"https:\/\/api.w.org\/{rel}","templated":true}]}}