{"id":1486,"date":"2019-07-08T15:53:24","date_gmt":"2019-07-08T14:53:24","guid":{"rendered":"https:\/\/www.dehesadebular.com\/?page_id=1486"},"modified":"2019-07-08T15:53:24","modified_gmt":"2019-07-08T14:53:24","slug":"mentions-legales","status":"publish","type":"page","link":"https:\/\/www.dehesadebular.com\/fr\/mentions-legales\/","title":{"rendered":"Mentions l\u00e9gales"},"content":{"rendered":"<p>Dehesa de B\u00falar, S.L., responsable du site web, ci-apr\u00e8s RESPONSABLE, met ce document \u00e0 la disposition des utilisateurs, dans le but de respecter les obligations pr\u00e9vues par la Loi 34\/2002 du 11 juillet sur les services de la soci\u00e9t\u00e9 de l&rsquo;information et le commerce \u00e9lectronique (LSSICE), BOE n\u00b0 166, ainsi que pour informer tous les utilisateurs du site web sur quelles conditions d&rsquo;utilisation.<\/p>\n<p>Toute personne acc\u00e9dant \u00e0 ce site web assume le r\u00f4le d&rsquo;utilisateur, s&rsquo;engageant au respect et \u00e0 la stricte conformit\u00e9 aux dispositions des pr\u00e9sentes, ainsi qu&rsquo;\u00e0 toute autre disposition l\u00e9gale qui pourrait \u00eatre applicable.<br \/>\nDehesa de B\u00falar, S.L. se r\u00e9serve le droit de modifier tout type d&rsquo;information pouvant appara\u00eetre sur le site web, sans qu&rsquo;il y ait obligation de pr\u00e9avis ou d&rsquo;informer les utilisateurs de ces obligations, consid\u00e9r\u00e9es comme suffisantes avec la publication sur le site web de Dehesa de B\u00falar, S.L.<\/p>\n<h2>1. LES DONN\u00c9ES D&rsquo;IDENTIFICATION<\/h2>\n<p>Nom de domaine : <a href=\"http:\/\/www.dehesadebular.com\">www.dehesadebular.com<\/a><br \/>\nNom du produit : Dehesa de B\u00falar, S.L.<br \/>\nRaison sociale : Dehesa de B\u00falar, S.L.<br \/>\nNUM\u00c9RO D&rsquo;IDENTIFICATION FISCALE : B1963434898<br \/>\nSi\u00e8ge social : Cortijo Nuevo de B\u00falar, carretera A-323, km 18, 7, 18656 B\u00falar Bajo (Pi\u00f1ar) (Granada)<br \/>\nT\u00e9l\u00e9phone : 651865062<br \/>\nCourriel : <a href=\"mailto:info@dehesadebular.com\">info@dehesadebular.com<\/a><br \/>\nInscrite au Registre du Commerce de Grenade, volume 1622, livre 0, folio 89, page GR-49708, Inscription. 1<\/p>\n<p>&nbsp;<\/p>\n<h2>2. LES DROITS DE PROPRI\u00c9T\u00c9 INTELLECTUELLE ET INDUSTRIELLE<\/h2>\n<p>Le site web, y compris, mais sans s&rsquo;y limiter, sa programmation, son \u00e9dition, sa compilation et les autres \u00e9l\u00e9ments n\u00e9cessaires \u00e0 son fonctionnement, les dessins, logos, textes et\/ou graphiques sont la propri\u00e9t\u00e9 du RESPONSABLE ou, le cas \u00e9ch\u00e9ant, il a une licence ou autorisation expresse des auteurs. Tous les contenus du site sont d\u00fbment prot\u00e9g\u00e9s par les lois sur la propri\u00e9t\u00e9 intellectuelle et industrielle, ainsi que par les registres publics correspondants.<\/p>\n<p>Quelle que soit l&rsquo;utilisation \u00e0 laquelle elles sont destin\u00e9es, la reproduction, l&rsquo;utilisation, l&rsquo;exploitation, la distribution et la commercialisation, totales ou partielles, n\u00e9cessitent en tout \u00e9tat de cause l&rsquo;autorisation \u00e9crite pr\u00e9alable du RESPONSABLE. Toute utilisation non autoris\u00e9e au pr\u00e9alable est consid\u00e9r\u00e9e comme une atteinte grave aux droits de propri\u00e9t\u00e9 intellectuelle ou industrielle de l&rsquo;auteur.<\/p>\n<p>Les dessins, logos, textes et\/ou graphismes ext\u00e9rieurs au RESPONSABLE et pouvant appara\u00eetre sur le site, appartiennent \u00e0 leurs propri\u00e9taires respectifs, \u00e9tant eux-m\u00eames responsables de toute controverse \u00e9ventuelle qui pourrait survenir \u00e0 leur \u00e9gard. Le RESPONSABLE autorise express\u00e9ment les tiers \u00e0 rediriger directement vers les contenus sp\u00e9cifiques du site web, et en tout cas \u00e0 rediriger vers le site web principal de <a href=\"http:\/\/www.dehesadebular.com\">www.dehesadebular.com<\/a><br \/>\nLe RESPONSABLE reconna\u00eet en faveur de ses titulaires les droits de propri\u00e9t\u00e9 intellectuelle et industrielle correspondants, leur simple mention ou apparition sur le site web n&rsquo;impliquant l&rsquo;existence d&rsquo;aucun droit ou responsabilit\u00e9 \u00e0 leur \u00e9gard, ni approbation, parrainage ou recommandation par ceux-ci.<\/p>\n<p>Afin d&rsquo;effectuer tout type d&rsquo;observation concernant d&rsquo;\u00e9ventuelles violations des droits de propri\u00e9t\u00e9 intellectuelle ou industrielle, ainsi que sur tout contenu du site web, vous pouvez le faire via email <a href=\"mailto:info@dehesadebular.com\"> info@dehesadebular.com<\/a><\/p>\n<h2>3. EXON\u00c9RATION DE RESPONSABILIT\u00c9<\/h2>\n<p>Le RESPONSABLE est exon\u00e9r\u00e9 de toute responsabilit\u00e9 d\u00e9riv\u00e9e des informations publi\u00e9es sur son site web lorsque ces informations ont \u00e9t\u00e9 manipul\u00e9es ou introduites par un tiers \u00e9tranger \u00e0 ce dernier.<\/p>\n<p><strong>Politique de liens<\/strong><\/p>\n<p>\u00c0 partir du site Web, vous pouvez \u00eatre redirig\u00e9 vers du contenu provenant de sites Web de tierces parties. Etant donn\u00e9 que le RESPONSABLE ne peut pas toujours contr\u00f4ler les contenus introduits par des tiers sur leurs sites respectifs, il n&rsquo;assume aucune responsabilit\u00e9 quant \u00e0 ces contenus. En tout \u00e9tat de cause, il proc\u00e9dera \u00e0 la suppression imm\u00e9diate de tout contenu susceptible de porter atteinte \u00e0 la l\u00e9gislation nationale ou internationale, aux bonnes m\u0153urs ou \u00e0 l&rsquo;ordre public, en proc\u00e9dant \u00e0 la suppression imm\u00e9diate de la redirection vers le site web, en informant les autorit\u00e9s comp\u00e9tentes du contenu en question.<\/p>\n<p>Le RESPONSABLE n&rsquo;est pas responsable des informations et contenus stock\u00e9s, y compris mais sans s&rsquo;y limiter, les forums, chats, g\u00e9n\u00e9rateurs de blogs, commentaires, r\u00e9seaux sociaux ou tout autre moyen permettant \u00e0 des tiers de publier des contenus ind\u00e9pendamment sur le site web du RESPONSABLE. Toutefois, et conform\u00e9ment aux dispositions des articles 11 et 16 de la LSSICE, il est mis \u00e0 la disposition de tous les utilisateurs, autorit\u00e9s et forces de s\u00e9curit\u00e9, collaborant activement au retrait ou, le cas \u00e9ch\u00e9ant, au blocage de tout contenu susceptible d&rsquo;affecter ou de contrevenir \u00e0 la l\u00e9gislation nationale ou internationale, aux droits des tiers ou \u00e0 la morale et l&rsquo;ordre public. Si l&rsquo;utilisateur consid\u00e8re qu&rsquo;il y a un contenu sur le site Web qui pourrait \u00eatre soumis \u00e0 cette classification, veuillez en informer imm\u00e9diatement l&rsquo;administrateur du site Web.<br \/>\nCe site Web a \u00e9t\u00e9 revu et test\u00e9 pour fonctionner correctement. En principe, le bon fonctionnement peut \u00eatre garanti 365 jours par an, 24 heures sur 24. Toutefois, le RESPONSABLE n&rsquo;exclut pas la possibilit\u00e9 que certaines erreurs de programmation existent, ou que des cas de force majeure, des catastrophes naturelles, des gr\u00e8ves ou des circonstances similaires rendent l&rsquo;acc\u00e8s au site impossible.<\/p>\n<h2>4. LOI APPLICABLE ET JURIDICTION COMP\u00c9TENTE<\/h2>\n<p>Ce site Web est soumis au droit espagnol et en cas de litige ou de controverse d\u00e9coulant de l&rsquo;utilisation de ce site Web, les deux parties se soumettent \u00e0 la juridiction des tribunaux de la ville de Grenade (Espagne).<\/p>\n","protected":false},"excerpt":{"rendered":"<p>Dehesa de B\u00falar, S.L., responsable du site web, ci-apr\u00e8s RESPONSABLE, met ce document \u00e0 la disposition des utilisateurs, dans le but de respecter les obligations pr\u00e9vues par la Loi 34\/2002 du 11 juillet sur les services de la soci\u00e9t\u00e9 de l&rsquo;information et le commerce \u00e9lectronique (LSSICE), BOE n\u00b0 166, ainsi que pour informer tous les&#8230; <a class=\"view-article\" href=\"https:\/\/www.dehesadebular.com\/fr\/mentions-legales\/\">View Article<\/a><\/p>\n","protected":false},"author":1,"featured_media":0,"parent":0,"menu_order":0,"comment_status":"closed","ping_status":"open","template":"template-fullwidth.php","meta":[],"acf":[],"yoast_head":"<!-- This site is optimized with the Yoast SEO plugin v19.10 - https:\/\/yoast.com\/wordpress\/plugins\/seo\/ -->\n<title>Mentions l\u00e9gales - Dehesa de B\u00falar<\/title>\n<meta name=\"robots\" content=\"index, follow, max-snippet:-1, max-image-preview:large, max-video-preview:-1\" \/>\n<link rel=\"canonical\" href=\"https:\/\/www.dehesadebular.com\/fr\/mentions-legales\/\" \/>\n<meta property=\"og:locale\" content=\"fr_FR\" \/>\n<meta property=\"og:type\" content=\"article\" \/>\n<meta property=\"og:title\" content=\"Mentions l\u00e9gales - Dehesa de B\u00falar\" \/>\n<meta property=\"og:description\" content=\"Dehesa de B\u00falar, S.L., responsable du site web, ci-apr\u00e8s RESPONSABLE, met ce document \u00e0 la disposition des utilisateurs, dans le but de respecter les obligations pr\u00e9vues par la Loi 34\/2002 du 11 juillet sur les services de la soci\u00e9t\u00e9 de l&rsquo;information et le commerce \u00e9lectronique (LSSICE), BOE n\u00b0 166, ainsi que pour informer tous les... View Article\" \/>\n<meta property=\"og:url\" content=\"https:\/\/www.dehesadebular.com\/fr\/mentions-legales\/\" \/>\n<meta property=\"og:site_name\" content=\"Dehesa de B\u00falar\" \/>\n<meta name=\"twitter:card\" content=\"summary_large_image\" \/>\n<meta name=\"twitter:label1\" content=\"Dur\u00e9e de lecture estim\u00e9e\" \/>\n\t<meta name=\"twitter:data1\" content=\"5 minutes\" \/>\n<script type=\"application\/ld+json\" class=\"yoast-schema-graph\">{\"@context\":\"https:\/\/schema.org\",\"@graph\":[{\"@type\":\"WebPage\",\"@id\":\"https:\/\/www.dehesadebular.com\/fr\/mentions-legales\/\",\"url\":\"https:\/\/www.dehesadebular.com\/fr\/mentions-legales\/\",\"name\":\"Mentions l\u00e9gales - Dehesa de B\u00falar\",\"isPartOf\":{\"@id\":\"https:\/\/www.dehesadebular.com\/fr\/#website\"},\"datePublished\":\"2019-07-08T14:53:24+00:00\",\"dateModified\":\"2019-07-08T14:53:24+00:00\",\"breadcrumb\":{\"@id\":\"https:\/\/www.dehesadebular.com\/fr\/mentions-legales\/#breadcrumb\"},\"inLanguage\":\"fr-FR\",\"potentialAction\":[{\"@type\":\"ReadAction\",\"target\":[\"https:\/\/www.dehesadebular.com\/fr\/mentions-legales\/\"]}]},{\"@type\":\"BreadcrumbList\",\"@id\":\"https:\/\/www.dehesadebular.com\/fr\/mentions-legales\/#breadcrumb\",\"itemListElement\":[{\"@type\":\"ListItem\",\"position\":1,\"name\":\"Portada\",\"item\":\"https:\/\/www.dehesadebular.com\/fr\/\"},{\"@type\":\"ListItem\",\"position\":2,\"name\":\"Mentions l\u00e9gales\"}]},{\"@type\":\"WebSite\",\"@id\":\"https:\/\/www.dehesadebular.com\/fr\/#website\",\"url\":\"https:\/\/www.dehesadebular.com\/fr\/\",\"name\":\"Dehesa de B\u00falar\",\"description\":\"Empresa joven creada para poner en valor la finca del Cortijo Nuevo de B\u00falar y comercializar nuestro aceite de oliva virgen extra ecol\u00f3gico premium: Oil\u00e9 by Dehesa de B\u00falar.\",\"publisher\":{\"@id\":\"https:\/\/www.dehesadebular.com\/fr\/#organization\"},\"potentialAction\":[{\"@type\":\"SearchAction\",\"target\":{\"@type\":\"EntryPoint\",\"urlTemplate\":\"https:\/\/www.dehesadebular.com\/fr\/?s={search_term_string}\"},\"query-input\":\"required name=search_term_string\"}],\"inLanguage\":\"fr-FR\"},{\"@type\":\"Organization\",\"@id\":\"https:\/\/www.dehesadebular.com\/fr\/#organization\",\"name\":\"Oil\u00e9 Dehesa de Bular\",\"url\":\"https:\/\/www.dehesadebular.com\/fr\/\",\"logo\":{\"@type\":\"ImageObject\",\"inLanguage\":\"fr-FR\",\"@id\":\"https:\/\/www.dehesadebular.com\/fr\/#\/schema\/logo\/image\/\",\"url\":\"https:\/\/www.dehesadebular.com\/wp-content\/uploads\/2017\/10\/logo-banner.png\",\"contentUrl\":\"https:\/\/www.dehesadebular.com\/wp-content\/uploads\/2017\/10\/logo-banner.png\",\"width\":154,\"height\":123,\"caption\":\"Oil\u00e9 Dehesa de Bular\"},\"image\":{\"@id\":\"https:\/\/www.dehesadebular.com\/fr\/#\/schema\/logo\/image\/\"}}]}<\/script>\n<!-- \/ Yoast SEO plugin. -->","yoast_head_json":{"title":"Mentions l\u00e9gales - Dehesa de B\u00falar","robots":{"index":"index","follow":"follow","max-snippet":"max-snippet:-1","max-image-preview":"max-image-preview:large","max-video-preview":"max-video-preview:-1"},"canonical":"https:\/\/www.dehesadebular.com\/fr\/mentions-legales\/","og_locale":"fr_FR","og_type":"article","og_title":"Mentions l\u00e9gales - Dehesa de B\u00falar","og_description":"Dehesa de B\u00falar, S.L., responsable du site web, ci-apr\u00e8s RESPONSABLE, met ce document \u00e0 la disposition des utilisateurs, dans le but de respecter les obligations pr\u00e9vues par la Loi 34\/2002 du 11 juillet sur les services de la soci\u00e9t\u00e9 de l&rsquo;information et le commerce \u00e9lectronique (LSSICE), BOE n\u00b0 166, ainsi que pour informer tous les... View Article","og_url":"https:\/\/www.dehesadebular.com\/fr\/mentions-legales\/","og_site_name":"Dehesa de B\u00falar","twitter_card":"summary_large_image","twitter_misc":{"Dur\u00e9e de lecture estim\u00e9e":"5 minutes"},"schema":{"@context":"https:\/\/schema.org","@graph":[{"@type":"WebPage","@id":"https:\/\/www.dehesadebular.com\/fr\/mentions-legales\/","url":"https:\/\/www.dehesadebular.com\/fr\/mentions-legales\/","name":"Mentions l\u00e9gales - Dehesa de B\u00falar","isPartOf":{"@id":"https:\/\/www.dehesadebular.com\/fr\/#website"},"datePublished":"2019-07-08T14:53:24+00:00","dateModified":"2019-07-08T14:53:24+00:00","breadcrumb":{"@id":"https:\/\/www.dehesadebular.com\/fr\/mentions-legales\/#breadcrumb"},"inLanguage":"fr-FR","potentialAction":[{"@type":"ReadAction","target":["https:\/\/www.dehesadebular.com\/fr\/mentions-legales\/"]}]},{"@type":"BreadcrumbList","@id":"https:\/\/www.dehesadebular.com\/fr\/mentions-legales\/#breadcrumb","itemListElement":[{"@type":"ListItem","position":1,"name":"Portada","item":"https:\/\/www.dehesadebular.com\/fr\/"},{"@type":"ListItem","position":2,"name":"Mentions l\u00e9gales"}]},{"@type":"WebSite","@id":"https:\/\/www.dehesadebular.com\/fr\/#website","url":"https:\/\/www.dehesadebular.com\/fr\/","name":"Dehesa de B\u00falar","description":"Empresa joven creada para poner en valor la finca del Cortijo Nuevo de B\u00falar y comercializar nuestro aceite de oliva virgen extra ecol\u00f3gico premium: Oil\u00e9 by Dehesa de B\u00falar.","publisher":{"@id":"https:\/\/www.dehesadebular.com\/fr\/#organization"},"potentialAction":[{"@type":"SearchAction","target":{"@type":"EntryPoint","urlTemplate":"https:\/\/www.dehesadebular.com\/fr\/?s={search_term_string}"},"query-input":"required name=search_term_string"}],"inLanguage":"fr-FR"},{"@type":"Organization","@id":"https:\/\/www.dehesadebular.com\/fr\/#organization","name":"Oil\u00e9 Dehesa de Bular","url":"https:\/\/www.dehesadebular.com\/fr\/","logo":{"@type":"ImageObject","inLanguage":"fr-FR","@id":"https:\/\/www.dehesadebular.com\/fr\/#\/schema\/logo\/image\/","url":"https:\/\/www.dehesadebular.com\/wp-content\/uploads\/2017\/10\/logo-banner.png","contentUrl":"https:\/\/www.dehesadebular.com\/wp-content\/uploads\/2017\/10\/logo-banner.png","width":154,"height":123,"caption":"Oil\u00e9 Dehesa de Bular"},"image":{"@id":"https:\/\/www.dehesadebular.com\/fr\/#\/schema\/logo\/image\/"}}]}},"_links":{"self":[{"href":"https:\/\/www.dehesadebular.com\/fr\/wp-json\/wp\/v2\/pages\/1486"}],"collection":[{"href":"https:\/\/www.dehesadebular.com\/fr\/wp-json\/wp\/v2\/pages"}],"about":[{"href":"https:\/\/www.dehesadebular.com\/fr\/wp-json\/wp\/v2\/types\/page"}],"author":[{"embeddable":true,"href":"https:\/\/www.dehesadebular.com\/fr\/wp-json\/wp\/v2\/users\/1"}],"replies":[{"embeddable":true,"href":"https:\/\/www.dehesadebular.com\/fr\/wp-json\/wp\/v2\/comments?post=1486"}],"version-history":[{"count":1,"href":"https:\/\/www.dehesadebular.com\/fr\/wp-json\/wp\/v2\/pages\/1486\/revisions"}],"predecessor-version":[{"id":1487,"href":"https:\/\/www.dehesadebular.com\/fr\/wp-json\/wp\/v2\/pages\/1486\/revisions\/1487"}],"wp:attachment":[{"href":"https:\/\/www.dehesadebular.com\/fr\/wp-json\/wp\/v2\/media?parent=1486"}],"curies":[{"name":"wp","href":"https:\/\/api.w.org\/{rel}","templated":true}]}}