{"id":1489,"date":"2019-07-08T16:05:14","date_gmt":"2019-07-08T15:05:14","guid":{"rendered":"https:\/\/www.dehesadebular.com\/?page_id=1489"},"modified":"2019-08-06T09:17:05","modified_gmt":"2019-08-06T08:17:05","slug":"politique-de-confidentialite","status":"publish","type":"page","link":"https:\/\/www.dehesadebular.com\/fr\/politique-de-confidentialite\/","title":{"rendered":"Politique de confidentialit\u00e9"},"content":{"rendered":"<h2>1. Informations sur l&rsquo;utilisateur<\/h2>\n<p>Dehesa de B\u00falar, S.L., est responsable du traitement des donn\u00e9es personnelles de l&rsquo;Utilisateur et informe l&rsquo;Utilisateur que ces donn\u00e9es seront trait\u00e9es conform\u00e9ment aux dispositions du R\u00e8glement (UE) 2016\/679 du 27 avril 2016 (RGPD) relatif \u00e0 la protection des personnes physiques \u00e0 l&rsquo;\u00e9gard du traitement des donn\u00e9es personnelles et \u00e0 la libre circulation de ces donn\u00e9es, pour lesquelles sont fournies les informations suivantes :<\/p>\n<ul>\n<li><strong>Fin du traitement :<\/strong>\n<ul>\n<li>Traiter les commandes, les demandes ou tout type de demande qui est faite par l&rsquo;utilisateur par l&rsquo;interm\u00e9diaire de l&rsquo;un des formulaires de contact qui sont mis \u00e0 disposition.<\/li>\n<li>\u00e9pondre aux consultations que l&rsquo;utilisateur nous fait.<\/li>\n<li>Nous collectons vos donn\u00e9es afin que vous puissiez effectuer vos achats et, par cons\u00e9quent, g\u00e9rer la relation commerciale, g\u00e9rer vos demandes et\/ou commandes et leur collecte. En ce qui concerne la publication de donn\u00e9es personnelles dans les blogs et les r\u00e9seaux sociaux que ce site Web peut partager, des donn\u00e9es personnelles peuvent \u00eatre trait\u00e9es dans le but de r\u00e9pondre aux commentaires et d&rsquo;am\u00e9liorer nos services.<\/li>\n<li>En ce qui concerne la publication de donn\u00e9es personnelles dans les blogs et les r\u00e9seaux sociaux qui peuvent \u00eatre partag\u00e9s par ce site Web, des donn\u00e9es personnelles peuvent \u00eatre trait\u00e9es dans le but de r\u00e9pondre aux commentaires et d&rsquo;am\u00e9liorer nos services. La politique de confidentialit\u00e9 est marqu\u00e9e par les entit\u00e9s responsables de ces sites. Nous ne sommes pas responsables des informations personnelles que chaque utilisateur peut publier.<\/li>\n<\/ul>\n<\/li>\n<li><strong>Crit\u00e8res de conservation des donn\u00e9es<\/strong> : les donn\u00e9es seront conserv\u00e9es aussi longtemps qu&rsquo;il existe un int\u00e9r\u00eat mutuel \u00e0 maintenir la finalit\u00e9 du traitement et, lorsqu&rsquo;elles ne sont plus n\u00e9cessaires \u00e0 cette fin, seront supprim\u00e9es par des mesures de s\u00e9curit\u00e9 appropri\u00e9es afin de garantir la pseudonymisation des donn\u00e9es.<\/li>\n<li><strong>Communication des donn\u00e9es :<\/strong> les donn\u00e9es seront transf\u00e9r\u00e9es \u00e0 la soci\u00e9t\u00e9 de messagerie pour la gestion de votre commande et \u00e0 la soci\u00e9t\u00e9 qui nous fournit le support web. Elles ne seront pas c\u00e9d\u00e9es \u00e0 des tiers, sauf en cas d&rsquo;obligation l\u00e9gale.<\/li>\n<li><strong>L\u00e9gitimation:<\/strong> est bas\u00e9e sur le consentement demand\u00e9 \u00e0 travers la case d&rsquo;acceptation correspondante.<\/li>\n<li>Droits qui assistent l&rsquo;Utilisateur :\n<ul>\n<li><strong>Droit de retirer son consentement en tout temps.<\/strong><\/li>\n<li><strong>Droit d&rsquo;opposition et portabilit\u00e9 des donn\u00e9es \u00e0 caract\u00e8re personnel<\/strong> . Cette disposition \u00e9tablit le droit de l&rsquo;int\u00e9ress\u00e9 de recevoir toutes les donn\u00e9es \u00e0 caract\u00e8re personnel qui le concernent et qu&rsquo;il a fournies \u00e0 un responsable, \u00e0 condition que le traitement soit fond\u00e9 sur le consentement ou qu&rsquo;il soit n\u00e9cessaire \u00e0 l&rsquo;ex\u00e9cution d&rsquo;un contrat et qu&rsquo;il soit effectu\u00e9 par des moyens automatis\u00e9s.<\/li>\n<li><strong>Droit d&rsquo;acc\u00e8s :<\/strong> L&rsquo;int\u00e9ress\u00e9 aura le droit de demander et d&rsquo;obtenir, gratuitement, l&rsquo;information sur ses donn\u00e9es personnelles faisant l&rsquo;objet d&rsquo;un traitement, l&rsquo;origine de ces donn\u00e9es, ainsi que les communications qui en ont \u00e9t\u00e9 faites ou qui sont pr\u00e9vues \u00e0 \u00eatre faites. Lorsque la personne concern\u00e9e soumet la demande par voie \u00e9lectronique, et sauf demande contraire de la personne concern\u00e9e, les informations sont fournies sous un format \u00e9lectronique couramment utilis\u00e9. Le droit d&rsquo;en obtenir une copie ne doit pas porter atteinte aux droits et libert\u00e9s d&rsquo;autrui.<\/li>\n<li><strong>Droit de rectification et d&rsquo;effacement<\/strong>: le responsable du traitement est tenu de donner effet au droit de rectification ou d&rsquo;effacement de la personne concern\u00e9e dans les dix jours. Toute donn\u00e9e \u00e0 caract\u00e8re personnel dont le traitement n&rsquo;est pas conforme aux dispositions de la loi est rectifi\u00e9e ou effac\u00e9e et, en particulier, lorsque ces donn\u00e9es sont inexactes ou incompl\u00e8tes, il a le droit d&rsquo;obtenir sans d\u00e9lai la rectification des donn\u00e9es personnelles inexactes le concernant. La personne concern\u00e9e a le droit de faire compl\u00e9ter ses donn\u00e9es personnelles incompl\u00e8tes, y compris au moyen d&rsquo;une d\u00e9claration suppl\u00e9mentaire.<\/li>\n<li><strong>Droit de limitation du traitement:<\/strong> la personne concern\u00e9e a le droit d&rsquo;obtenir du responsable du traitement la limitation du traitement des donn\u00e9es. Lorsque le traitement de donn\u00e9es \u00e0 caract\u00e8re personnel a fait l&rsquo;objet de restrictions, elles ne peuvent \u00eatre trait\u00e9es qu&rsquo;aux fins de conservation, avec le consentement de la personne concern\u00e9e, pour la formulation, l&rsquo;exercice ou la d\u00e9fense d&rsquo;une r\u00e9clamation, en vue de prot\u00e9ger les droits d&rsquo;une autre personne physique ou morale ou pour des raisons d&rsquo;int\u00e9r\u00eat public. Toute personne concern\u00e9e qui a obtenu une limitation de traitement est inform\u00e9e par le responsable du traitement avant que cette limitation ne soit lev\u00e9e.<\/li>\n<li><strong>Droit d&rsquo;opposition:<\/strong> la personne concern\u00e9e a le droit de s&rsquo;opposer \u00e0 tout moment, pour des motifs tenant \u00e0 sa situation particuli\u00e8re, au traitement des donn\u00e9es \u00e0 caract\u00e8re personnel la concernant (int\u00e9r\u00eat public et int\u00e9r\u00eat l\u00e9gitime), y compris le profilage sur la base desdites dispositions. Le responsable du traitement cesse de traiter des donn\u00e9es \u00e0 caract\u00e8re personnel, \u00e0 moins qu&rsquo;il n&rsquo;\u00e9tablisse des raisons imp\u00e9rieuses et l\u00e9gitimes pour que le traitement prime sur les int\u00e9r\u00eats, droits et libert\u00e9s de la personne concern\u00e9e ou pour la formulation, l&rsquo;exercice ou la d\u00e9fense de ses droits.<\/li>\n<li>Droit de d\u00e9poser une plainte aupr\u00e8s de l&rsquo;Autorit\u00e9 de contr\u00f4le si vous n&rsquo;avez pas obtenu satisfaction dans l&rsquo;exercice de vos droits, dans ce cas, aupr\u00e8s de l&rsquo;Agence espagnole de protection des donn\u00e9es \u00a0<a href=\"http:\/\/www.aepd.es\" target=\"_blank\" rel=\"noopener noreferrer\">http:\/\/www.aepd.es<\/a><\/li>\n<li><strong>Coordonn\u00e9es pour exercer vos droits :<\/strong>\n<ul>\n<li>Adresse postale : Cortijo Nuevo de B\u00falar, carretera A-323, km 18, 7, 18656 B\u00falar Bajo (Pi\u00f1ar) (Granada)<\/li>\n<li>Courriel:<a href=\"mailto:info@dehesadebular.com\"> info@dehesadebular.com<\/a><\/li>\n<\/ul>\n<\/li>\n<\/ul>\n<\/li>\n<\/ul>\n<h2>2. CARACT\u00c8RE OBLIGATOIRE OU FACULTATIF DES INFORMATIONS FOURNIES PAR L&rsquo;UTILISATEUR<\/h2>\n<p>Les Utilisateurs, par le marquage des cases correspondantes et la saisie des donn\u00e9es dans les champs, du formulaire de contact ou pr\u00e9sent\u00e9s dans des formulaires de t\u00e9l\u00e9chargement, acceptent express\u00e9ment et librement et sans \u00e9quivoque, que leurs donn\u00e9es soient n\u00e9cessaires pour r\u00e9pondre \u00e0 leur demande, de la part du fournisseur, l&rsquo;inclusion des donn\u00e9es dans les autres champs \u00e9tant volontaire.<br \/>\nL&rsquo;Utilisateur garantit que les donn\u00e9es personnelles fournies au responsable sont v\u00e9ridiques et qu&rsquo;il est responsable de lui communiquer toute modification.<\/p>\n<p>Le responsable informe et garantit express\u00e9ment les utilisateurs que leurs donn\u00e9es personnelles ne seront en aucun cas c\u00e9d\u00e9es \u00e0 des tiers et qu&rsquo;en cas de transfert de donn\u00e9es personnelles, le consentement expr\u00e8s, \u00e9clair\u00e9 et sans \u00e9quivoque des utilisateurs sera demand\u00e9 au pr\u00e9alable.<\/p>\n<p>Toutes les donn\u00e9es demand\u00e9es sur le site sont obligatoires, car elles sont n\u00e9cessaires \u00e0 la fourniture d&rsquo;un service optimal \u00e0 l&rsquo;Utilisateur.<br \/>\nDans le cas o\u00f9 toutes les donn\u00e9es ne sont pas fournies, il n&rsquo;y a aucune garantie que les informations et les services fournis sont enti\u00e8rement adapt\u00e9s \u00e0 vos besoins.<\/p>\n","protected":false},"excerpt":{"rendered":"<p>1. Informations sur l&rsquo;utilisateur Dehesa de B\u00falar, S.L., est responsable du traitement des donn\u00e9es personnelles de l&rsquo;Utilisateur et informe l&rsquo;Utilisateur que ces donn\u00e9es seront trait\u00e9es conform\u00e9ment aux dispositions du R\u00e8glement (UE) 2016\/679 du 27 avril 2016 (RGPD) relatif \u00e0 la protection des personnes physiques \u00e0 l&rsquo;\u00e9gard du traitement des donn\u00e9es personnelles et \u00e0 la libre&#8230; <a class=\"view-article\" href=\"https:\/\/www.dehesadebular.com\/fr\/politique-de-confidentialite\/\">View Article<\/a><\/p>\n","protected":false},"author":1,"featured_media":0,"parent":0,"menu_order":0,"comment_status":"closed","ping_status":"open","template":"template-fullwidth.php","meta":[],"acf":[],"yoast_head":"<!-- This site is optimized with the Yoast SEO plugin v19.10 - https:\/\/yoast.com\/wordpress\/plugins\/seo\/ -->\n<title>Politique de confidentialit\u00e9 - Dehesa de B\u00falar<\/title>\n<meta name=\"robots\" content=\"index, follow, max-snippet:-1, max-image-preview:large, max-video-preview:-1\" \/>\n<link rel=\"canonical\" href=\"https:\/\/www.dehesadebular.com\/fr\/politique-de-confidentialite\/\" \/>\n<meta property=\"og:locale\" content=\"fr_FR\" \/>\n<meta property=\"og:type\" content=\"article\" \/>\n<meta property=\"og:title\" content=\"Politique de confidentialit\u00e9 - Dehesa de B\u00falar\" \/>\n<meta property=\"og:description\" content=\"1. Informations sur l&rsquo;utilisateur Dehesa de B\u00falar, S.L., est responsable du traitement des donn\u00e9es personnelles de l&rsquo;Utilisateur et informe l&rsquo;Utilisateur que ces donn\u00e9es seront trait\u00e9es conform\u00e9ment aux dispositions du R\u00e8glement (UE) 2016\/679 du 27 avril 2016 (RGPD) relatif \u00e0 la protection des personnes physiques \u00e0 l&rsquo;\u00e9gard du traitement des donn\u00e9es personnelles et \u00e0 la libre... View Article\" \/>\n<meta property=\"og:url\" content=\"https:\/\/www.dehesadebular.com\/fr\/politique-de-confidentialite\/\" \/>\n<meta property=\"og:site_name\" content=\"Dehesa de B\u00falar\" \/>\n<meta property=\"article:modified_time\" content=\"2019-08-06T08:17:05+00:00\" \/>\n<meta name=\"twitter:card\" content=\"summary_large_image\" \/>\n<meta name=\"twitter:label1\" content=\"Dur\u00e9e de lecture estim\u00e9e\" \/>\n\t<meta name=\"twitter:data1\" content=\"6 minutes\" \/>\n<script type=\"application\/ld+json\" class=\"yoast-schema-graph\">{\"@context\":\"https:\/\/schema.org\",\"@graph\":[{\"@type\":\"WebPage\",\"@id\":\"https:\/\/www.dehesadebular.com\/fr\/politique-de-confidentialite\/\",\"url\":\"https:\/\/www.dehesadebular.com\/fr\/politique-de-confidentialite\/\",\"name\":\"Politique de confidentialit\u00e9 - Dehesa de B\u00falar\",\"isPartOf\":{\"@id\":\"https:\/\/www.dehesadebular.com\/fr\/#website\"},\"datePublished\":\"2019-07-08T15:05:14+00:00\",\"dateModified\":\"2019-08-06T08:17:05+00:00\",\"breadcrumb\":{\"@id\":\"https:\/\/www.dehesadebular.com\/fr\/politique-de-confidentialite\/#breadcrumb\"},\"inLanguage\":\"fr-FR\",\"potentialAction\":[{\"@type\":\"ReadAction\",\"target\":[\"https:\/\/www.dehesadebular.com\/fr\/politique-de-confidentialite\/\"]}]},{\"@type\":\"BreadcrumbList\",\"@id\":\"https:\/\/www.dehesadebular.com\/fr\/politique-de-confidentialite\/#breadcrumb\",\"itemListElement\":[{\"@type\":\"ListItem\",\"position\":1,\"name\":\"Portada\",\"item\":\"https:\/\/www.dehesadebular.com\/fr\/\"},{\"@type\":\"ListItem\",\"position\":2,\"name\":\"Politique de confidentialit\u00e9\"}]},{\"@type\":\"WebSite\",\"@id\":\"https:\/\/www.dehesadebular.com\/fr\/#website\",\"url\":\"https:\/\/www.dehesadebular.com\/fr\/\",\"name\":\"Dehesa de B\u00falar\",\"description\":\"Empresa joven creada para poner en valor la finca del Cortijo Nuevo de B\u00falar y comercializar nuestro aceite de oliva virgen extra ecol\u00f3gico premium: Oil\u00e9 by Dehesa de B\u00falar.\",\"publisher\":{\"@id\":\"https:\/\/www.dehesadebular.com\/fr\/#organization\"},\"potentialAction\":[{\"@type\":\"SearchAction\",\"target\":{\"@type\":\"EntryPoint\",\"urlTemplate\":\"https:\/\/www.dehesadebular.com\/fr\/?s={search_term_string}\"},\"query-input\":\"required name=search_term_string\"}],\"inLanguage\":\"fr-FR\"},{\"@type\":\"Organization\",\"@id\":\"https:\/\/www.dehesadebular.com\/fr\/#organization\",\"name\":\"Oil\u00e9 Dehesa de Bular\",\"url\":\"https:\/\/www.dehesadebular.com\/fr\/\",\"logo\":{\"@type\":\"ImageObject\",\"inLanguage\":\"fr-FR\",\"@id\":\"https:\/\/www.dehesadebular.com\/fr\/#\/schema\/logo\/image\/\",\"url\":\"https:\/\/www.dehesadebular.com\/wp-content\/uploads\/2017\/10\/logo-banner.png\",\"contentUrl\":\"https:\/\/www.dehesadebular.com\/wp-content\/uploads\/2017\/10\/logo-banner.png\",\"width\":154,\"height\":123,\"caption\":\"Oil\u00e9 Dehesa de Bular\"},\"image\":{\"@id\":\"https:\/\/www.dehesadebular.com\/fr\/#\/schema\/logo\/image\/\"}}]}<\/script>\n<!-- \/ Yoast SEO plugin. -->","yoast_head_json":{"title":"Politique de confidentialit\u00e9 - Dehesa de B\u00falar","robots":{"index":"index","follow":"follow","max-snippet":"max-snippet:-1","max-image-preview":"max-image-preview:large","max-video-preview":"max-video-preview:-1"},"canonical":"https:\/\/www.dehesadebular.com\/fr\/politique-de-confidentialite\/","og_locale":"fr_FR","og_type":"article","og_title":"Politique de confidentialit\u00e9 - Dehesa de B\u00falar","og_description":"1. Informations sur l&rsquo;utilisateur Dehesa de B\u00falar, S.L., est responsable du traitement des donn\u00e9es personnelles de l&rsquo;Utilisateur et informe l&rsquo;Utilisateur que ces donn\u00e9es seront trait\u00e9es conform\u00e9ment aux dispositions du R\u00e8glement (UE) 2016\/679 du 27 avril 2016 (RGPD) relatif \u00e0 la protection des personnes physiques \u00e0 l&rsquo;\u00e9gard du traitement des donn\u00e9es personnelles et \u00e0 la libre... View Article","og_url":"https:\/\/www.dehesadebular.com\/fr\/politique-de-confidentialite\/","og_site_name":"Dehesa de B\u00falar","article_modified_time":"2019-08-06T08:17:05+00:00","twitter_card":"summary_large_image","twitter_misc":{"Dur\u00e9e de lecture estim\u00e9e":"6 minutes"},"schema":{"@context":"https:\/\/schema.org","@graph":[{"@type":"WebPage","@id":"https:\/\/www.dehesadebular.com\/fr\/politique-de-confidentialite\/","url":"https:\/\/www.dehesadebular.com\/fr\/politique-de-confidentialite\/","name":"Politique de confidentialit\u00e9 - Dehesa de B\u00falar","isPartOf":{"@id":"https:\/\/www.dehesadebular.com\/fr\/#website"},"datePublished":"2019-07-08T15:05:14+00:00","dateModified":"2019-08-06T08:17:05+00:00","breadcrumb":{"@id":"https:\/\/www.dehesadebular.com\/fr\/politique-de-confidentialite\/#breadcrumb"},"inLanguage":"fr-FR","potentialAction":[{"@type":"ReadAction","target":["https:\/\/www.dehesadebular.com\/fr\/politique-de-confidentialite\/"]}]},{"@type":"BreadcrumbList","@id":"https:\/\/www.dehesadebular.com\/fr\/politique-de-confidentialite\/#breadcrumb","itemListElement":[{"@type":"ListItem","position":1,"name":"Portada","item":"https:\/\/www.dehesadebular.com\/fr\/"},{"@type":"ListItem","position":2,"name":"Politique de confidentialit\u00e9"}]},{"@type":"WebSite","@id":"https:\/\/www.dehesadebular.com\/fr\/#website","url":"https:\/\/www.dehesadebular.com\/fr\/","name":"Dehesa de B\u00falar","description":"Empresa joven creada para poner en valor la finca del Cortijo Nuevo de B\u00falar y comercializar nuestro aceite de oliva virgen extra ecol\u00f3gico premium: Oil\u00e9 by Dehesa de B\u00falar.","publisher":{"@id":"https:\/\/www.dehesadebular.com\/fr\/#organization"},"potentialAction":[{"@type":"SearchAction","target":{"@type":"EntryPoint","urlTemplate":"https:\/\/www.dehesadebular.com\/fr\/?s={search_term_string}"},"query-input":"required name=search_term_string"}],"inLanguage":"fr-FR"},{"@type":"Organization","@id":"https:\/\/www.dehesadebular.com\/fr\/#organization","name":"Oil\u00e9 Dehesa de Bular","url":"https:\/\/www.dehesadebular.com\/fr\/","logo":{"@type":"ImageObject","inLanguage":"fr-FR","@id":"https:\/\/www.dehesadebular.com\/fr\/#\/schema\/logo\/image\/","url":"https:\/\/www.dehesadebular.com\/wp-content\/uploads\/2017\/10\/logo-banner.png","contentUrl":"https:\/\/www.dehesadebular.com\/wp-content\/uploads\/2017\/10\/logo-banner.png","width":154,"height":123,"caption":"Oil\u00e9 Dehesa de Bular"},"image":{"@id":"https:\/\/www.dehesadebular.com\/fr\/#\/schema\/logo\/image\/"}}]}},"_links":{"self":[{"href":"https:\/\/www.dehesadebular.com\/fr\/wp-json\/wp\/v2\/pages\/1489"}],"collection":[{"href":"https:\/\/www.dehesadebular.com\/fr\/wp-json\/wp\/v2\/pages"}],"about":[{"href":"https:\/\/www.dehesadebular.com\/fr\/wp-json\/wp\/v2\/types\/page"}],"author":[{"embeddable":true,"href":"https:\/\/www.dehesadebular.com\/fr\/wp-json\/wp\/v2\/users\/1"}],"replies":[{"embeddable":true,"href":"https:\/\/www.dehesadebular.com\/fr\/wp-json\/wp\/v2\/comments?post=1489"}],"version-history":[{"count":1,"href":"https:\/\/www.dehesadebular.com\/fr\/wp-json\/wp\/v2\/pages\/1489\/revisions"}],"predecessor-version":[{"id":1490,"href":"https:\/\/www.dehesadebular.com\/fr\/wp-json\/wp\/v2\/pages\/1489\/revisions\/1490"}],"wp:attachment":[{"href":"https:\/\/www.dehesadebular.com\/fr\/wp-json\/wp\/v2\/media?parent=1489"}],"curies":[{"name":"wp","href":"https:\/\/api.w.org\/{rel}","templated":true}]}}