{"id":1493,"date":"2019-07-08T16:31:52","date_gmt":"2019-07-08T15:31:52","guid":{"rendered":"https:\/\/www.dehesadebular.com\/?page_id=1493"},"modified":"2019-07-08T16:31:52","modified_gmt":"2019-07-08T15:31:52","slug":"politique-sur-les-cookies","status":"publish","type":"page","link":"https:\/\/www.dehesadebular.com\/fr\/politique-sur-les-cookies\/","title":{"rendered":"Politique sur les cookies"},"content":{"rendered":"<p>a) D\u00e9finition<br \/>\nUn cookie est un fichier qui est t\u00e9l\u00e9charg\u00e9 sur votre ordinateur\/t\u00e9l\u00e9phone\/tablette lorsque vous acc\u00e9dez \u00e0 certaines pages Web. Les cookies permettent \u00e0 un site Web, entre autres, de stocker et de r\u00e9cup\u00e9rer des informations sur les habitudes de navigation d&rsquo;un utilisateur ou d&rsquo;un ordinateur et, selon les informations qu&rsquo;ils contiennent et la fa\u00e7on dont vous utilisez votre ordinateur, peuvent \u00eatre utilis\u00e9s pour reconna\u00eetre l&rsquo;utilisateur. Les principaux objectifs des cookies sont les suivants :<\/p>\n<p>Assurez-vous que les pages Web peuvent fonctionner correctement et enregistrer vos pr\u00e9f\u00e9rences, telles que la langue que vous avez s\u00e9lectionn\u00e9e ou la taille de la police. Connaissez votre exp\u00e9rience de navigation. Recueillez des informations statistiques anonymes, telles que les pages que vous avez vues ou depuis combien de temps vous \u00eates dans nos m\u00e9dias.<\/p>\n<p>b) Types de cookies sur ce site (le tableau inclus en est un exemple)<\/p>\n<table border=\"1px solid #333;\">\n<thead>\n<tr>\n<th>Cookies<\/th>\n<th>Renseignements<\/th>\n<\/tr>\n<\/thead>\n<tbody>\n<tr>\n<th colspan=\"2\">Propres Cookies<\/th>\n<\/tr>\n<tr>\n<td>PHPSESSID y _hjIncludedInSample<\/td>\n<td>Php cookies pour le fonctionnement de la page. Dur\u00e9e : Session<\/td>\n<\/tr>\n<tr>\n<td>cookiesDirective<\/td>\n<td>Cookie pour savoir si les cookies ont \u00e9t\u00e9 accept\u00e9s. Dur\u00e9e : 1 an<\/td>\n<\/tr>\n<tr>\n<th colspan=\"2\">Cookies de tiers<\/th>\n<\/tr>\n<tr>\n<td>Cookie commen\u00e7ant par _dc_gtm_<\/td>\n<td>Cookies g\u00e9n\u00e9r\u00e9s par Google Tag Manager pour le suivi analytique de la page. Dur\u00e9e : Jusqu&rsquo;\u00e0 2 ans<\/td>\n<\/tr>\n<tr>\n<td>Cookies _ga y _gat_UA-XXXXXX<\/td>\n<td>Google Analytics cookies, pour suivre le comportement des utilisateurs sur le site Web. Dur\u00e9e : Jusqu&rsquo;\u00e0 2 ans<\/td>\n<\/tr>\n<\/tbody>\n<\/table>\n<p>Afin d&rsquo;utiliser ce site Web, il est n\u00e9cessaire d&rsquo;installer des cookies. Sinon, nous ne serons pas en mesure, par exemple, de conna\u00eetre vos habitudes de navigation sur le Web. L&rsquo;utilisateur peut les refuser ou configurer son navigateur pour les bloquer et, le cas \u00e9ch\u00e9ant, les supprimer.<\/p>\n<p>c) Comment puis-je d\u00e9sactiver ou supprimer ces cookies ?<br \/>\nL&rsquo;utilisateur pourra \u00e0 tout moment choisir les cookies qu&rsquo;il souhaite implanter sur ce site par le biais, par exemple, de la configuration de son navigateur :<\/p>\n<ul>\n<li><a href=\"http:\/\/goo.gl\/pRkla\">IOS<\/a><\/li>\n<li><a href=\"http:\/\/goo.gl\/Rx8QQ\">Windows Phone<\/a><\/li>\n<li><a href=\"http:\/\/goo.gl\/XJp7N\">Chrome Mobile<\/a><\/li>\n<li><a href=\"http:\/\/goo.gl\/XvmTG\">Opera Mobile<\/a><\/li>\n<\/ul>\n<p>d) Que se passe-t-il si les cookies sont d\u00e9sactiv\u00e9s ?<br \/>\nCertaines fonctions des Services seront d\u00e9sactiv\u00e9es et nous ne conna\u00eetrons pas vos habitudes de navigation sur ce site Web.<\/p>\n","protected":false},"excerpt":{"rendered":"<p>a) D\u00e9finition Un cookie est un fichier qui est t\u00e9l\u00e9charg\u00e9 sur votre ordinateur\/t\u00e9l\u00e9phone\/tablette lorsque vous acc\u00e9dez \u00e0 certaines pages Web. Les cookies permettent \u00e0 un site Web, entre autres, de stocker et de r\u00e9cup\u00e9rer des informations sur les habitudes de navigation d&rsquo;un utilisateur ou d&rsquo;un ordinateur et, selon les informations qu&rsquo;ils contiennent et la fa\u00e7on&#8230; <a class=\"view-article\" href=\"https:\/\/www.dehesadebular.com\/fr\/politique-sur-les-cookies\/\">View Article<\/a><\/p>\n","protected":false},"author":1,"featured_media":0,"parent":0,"menu_order":0,"comment_status":"closed","ping_status":"open","template":"","meta":[],"acf":[],"yoast_head":"<!-- This site is optimized with the Yoast SEO plugin v19.10 - https:\/\/yoast.com\/wordpress\/plugins\/seo\/ -->\n<title>Politique sur les cookies - Dehesa de B\u00falar<\/title>\n<meta name=\"robots\" content=\"index, follow, max-snippet:-1, max-image-preview:large, max-video-preview:-1\" \/>\n<link rel=\"canonical\" href=\"https:\/\/www.dehesadebular.com\/fr\/politique-sur-les-cookies\/\" \/>\n<meta property=\"og:locale\" content=\"fr_FR\" \/>\n<meta property=\"og:type\" content=\"article\" \/>\n<meta property=\"og:title\" content=\"Politique sur les cookies - Dehesa de B\u00falar\" \/>\n<meta property=\"og:description\" content=\"a) D\u00e9finition Un cookie est un fichier qui est t\u00e9l\u00e9charg\u00e9 sur votre ordinateur\/t\u00e9l\u00e9phone\/tablette lorsque vous acc\u00e9dez \u00e0 certaines pages Web. Les cookies permettent \u00e0 un site Web, entre autres, de stocker et de r\u00e9cup\u00e9rer des informations sur les habitudes de navigation d&rsquo;un utilisateur ou d&rsquo;un ordinateur et, selon les informations qu&rsquo;ils contiennent et la fa\u00e7on... View Article\" \/>\n<meta property=\"og:url\" content=\"https:\/\/www.dehesadebular.com\/fr\/politique-sur-les-cookies\/\" \/>\n<meta property=\"og:site_name\" content=\"Dehesa de B\u00falar\" \/>\n<meta name=\"twitter:card\" content=\"summary_large_image\" \/>\n<meta name=\"twitter:label1\" content=\"Dur\u00e9e de lecture estim\u00e9e\" \/>\n\t<meta name=\"twitter:data1\" content=\"2 minutes\" \/>\n<script type=\"application\/ld+json\" class=\"yoast-schema-graph\">{\"@context\":\"https:\/\/schema.org\",\"@graph\":[{\"@type\":\"WebPage\",\"@id\":\"https:\/\/www.dehesadebular.com\/fr\/politique-sur-les-cookies\/\",\"url\":\"https:\/\/www.dehesadebular.com\/fr\/politique-sur-les-cookies\/\",\"name\":\"Politique sur les cookies - Dehesa de B\u00falar\",\"isPartOf\":{\"@id\":\"https:\/\/www.dehesadebular.com\/fr\/#website\"},\"datePublished\":\"2019-07-08T15:31:52+00:00\",\"dateModified\":\"2019-07-08T15:31:52+00:00\",\"breadcrumb\":{\"@id\":\"https:\/\/www.dehesadebular.com\/fr\/politique-sur-les-cookies\/#breadcrumb\"},\"inLanguage\":\"fr-FR\",\"potentialAction\":[{\"@type\":\"ReadAction\",\"target\":[\"https:\/\/www.dehesadebular.com\/fr\/politique-sur-les-cookies\/\"]}]},{\"@type\":\"BreadcrumbList\",\"@id\":\"https:\/\/www.dehesadebular.com\/fr\/politique-sur-les-cookies\/#breadcrumb\",\"itemListElement\":[{\"@type\":\"ListItem\",\"position\":1,\"name\":\"Portada\",\"item\":\"https:\/\/www.dehesadebular.com\/fr\/\"},{\"@type\":\"ListItem\",\"position\":2,\"name\":\"Politique sur les cookies\"}]},{\"@type\":\"WebSite\",\"@id\":\"https:\/\/www.dehesadebular.com\/fr\/#website\",\"url\":\"https:\/\/www.dehesadebular.com\/fr\/\",\"name\":\"Dehesa de B\u00falar\",\"description\":\"Empresa joven creada para poner en valor la finca del Cortijo Nuevo de B\u00falar y comercializar nuestro aceite de oliva virgen extra ecol\u00f3gico premium: Oil\u00e9 by Dehesa de B\u00falar.\",\"publisher\":{\"@id\":\"https:\/\/www.dehesadebular.com\/fr\/#organization\"},\"potentialAction\":[{\"@type\":\"SearchAction\",\"target\":{\"@type\":\"EntryPoint\",\"urlTemplate\":\"https:\/\/www.dehesadebular.com\/fr\/?s={search_term_string}\"},\"query-input\":\"required name=search_term_string\"}],\"inLanguage\":\"fr-FR\"},{\"@type\":\"Organization\",\"@id\":\"https:\/\/www.dehesadebular.com\/fr\/#organization\",\"name\":\"Oil\u00e9 Dehesa de Bular\",\"url\":\"https:\/\/www.dehesadebular.com\/fr\/\",\"logo\":{\"@type\":\"ImageObject\",\"inLanguage\":\"fr-FR\",\"@id\":\"https:\/\/www.dehesadebular.com\/fr\/#\/schema\/logo\/image\/\",\"url\":\"https:\/\/www.dehesadebular.com\/wp-content\/uploads\/2017\/10\/logo-banner.png\",\"contentUrl\":\"https:\/\/www.dehesadebular.com\/wp-content\/uploads\/2017\/10\/logo-banner.png\",\"width\":154,\"height\":123,\"caption\":\"Oil\u00e9 Dehesa de Bular\"},\"image\":{\"@id\":\"https:\/\/www.dehesadebular.com\/fr\/#\/schema\/logo\/image\/\"}}]}<\/script>\n<!-- \/ Yoast SEO plugin. -->","yoast_head_json":{"title":"Politique sur les cookies - Dehesa de B\u00falar","robots":{"index":"index","follow":"follow","max-snippet":"max-snippet:-1","max-image-preview":"max-image-preview:large","max-video-preview":"max-video-preview:-1"},"canonical":"https:\/\/www.dehesadebular.com\/fr\/politique-sur-les-cookies\/","og_locale":"fr_FR","og_type":"article","og_title":"Politique sur les cookies - Dehesa de B\u00falar","og_description":"a) D\u00e9finition Un cookie est un fichier qui est t\u00e9l\u00e9charg\u00e9 sur votre ordinateur\/t\u00e9l\u00e9phone\/tablette lorsque vous acc\u00e9dez \u00e0 certaines pages Web. Les cookies permettent \u00e0 un site Web, entre autres, de stocker et de r\u00e9cup\u00e9rer des informations sur les habitudes de navigation d&rsquo;un utilisateur ou d&rsquo;un ordinateur et, selon les informations qu&rsquo;ils contiennent et la fa\u00e7on... View Article","og_url":"https:\/\/www.dehesadebular.com\/fr\/politique-sur-les-cookies\/","og_site_name":"Dehesa de B\u00falar","twitter_card":"summary_large_image","twitter_misc":{"Dur\u00e9e de lecture estim\u00e9e":"2 minutes"},"schema":{"@context":"https:\/\/schema.org","@graph":[{"@type":"WebPage","@id":"https:\/\/www.dehesadebular.com\/fr\/politique-sur-les-cookies\/","url":"https:\/\/www.dehesadebular.com\/fr\/politique-sur-les-cookies\/","name":"Politique sur les cookies - Dehesa de B\u00falar","isPartOf":{"@id":"https:\/\/www.dehesadebular.com\/fr\/#website"},"datePublished":"2019-07-08T15:31:52+00:00","dateModified":"2019-07-08T15:31:52+00:00","breadcrumb":{"@id":"https:\/\/www.dehesadebular.com\/fr\/politique-sur-les-cookies\/#breadcrumb"},"inLanguage":"fr-FR","potentialAction":[{"@type":"ReadAction","target":["https:\/\/www.dehesadebular.com\/fr\/politique-sur-les-cookies\/"]}]},{"@type":"BreadcrumbList","@id":"https:\/\/www.dehesadebular.com\/fr\/politique-sur-les-cookies\/#breadcrumb","itemListElement":[{"@type":"ListItem","position":1,"name":"Portada","item":"https:\/\/www.dehesadebular.com\/fr\/"},{"@type":"ListItem","position":2,"name":"Politique sur les cookies"}]},{"@type":"WebSite","@id":"https:\/\/www.dehesadebular.com\/fr\/#website","url":"https:\/\/www.dehesadebular.com\/fr\/","name":"Dehesa de B\u00falar","description":"Empresa joven creada para poner en valor la finca del Cortijo Nuevo de B\u00falar y comercializar nuestro aceite de oliva virgen extra ecol\u00f3gico premium: Oil\u00e9 by Dehesa de B\u00falar.","publisher":{"@id":"https:\/\/www.dehesadebular.com\/fr\/#organization"},"potentialAction":[{"@type":"SearchAction","target":{"@type":"EntryPoint","urlTemplate":"https:\/\/www.dehesadebular.com\/fr\/?s={search_term_string}"},"query-input":"required name=search_term_string"}],"inLanguage":"fr-FR"},{"@type":"Organization","@id":"https:\/\/www.dehesadebular.com\/fr\/#organization","name":"Oil\u00e9 Dehesa de Bular","url":"https:\/\/www.dehesadebular.com\/fr\/","logo":{"@type":"ImageObject","inLanguage":"fr-FR","@id":"https:\/\/www.dehesadebular.com\/fr\/#\/schema\/logo\/image\/","url":"https:\/\/www.dehesadebular.com\/wp-content\/uploads\/2017\/10\/logo-banner.png","contentUrl":"https:\/\/www.dehesadebular.com\/wp-content\/uploads\/2017\/10\/logo-banner.png","width":154,"height":123,"caption":"Oil\u00e9 Dehesa de Bular"},"image":{"@id":"https:\/\/www.dehesadebular.com\/fr\/#\/schema\/logo\/image\/"}}]}},"_links":{"self":[{"href":"https:\/\/www.dehesadebular.com\/fr\/wp-json\/wp\/v2\/pages\/1493"}],"collection":[{"href":"https:\/\/www.dehesadebular.com\/fr\/wp-json\/wp\/v2\/pages"}],"about":[{"href":"https:\/\/www.dehesadebular.com\/fr\/wp-json\/wp\/v2\/types\/page"}],"author":[{"embeddable":true,"href":"https:\/\/www.dehesadebular.com\/fr\/wp-json\/wp\/v2\/users\/1"}],"replies":[{"embeddable":true,"href":"https:\/\/www.dehesadebular.com\/fr\/wp-json\/wp\/v2\/comments?post=1493"}],"version-history":[{"count":1,"href":"https:\/\/www.dehesadebular.com\/fr\/wp-json\/wp\/v2\/pages\/1493\/revisions"}],"predecessor-version":[{"id":1495,"href":"https:\/\/www.dehesadebular.com\/fr\/wp-json\/wp\/v2\/pages\/1493\/revisions\/1495"}],"wp:attachment":[{"href":"https:\/\/www.dehesadebular.com\/fr\/wp-json\/wp\/v2\/media?parent=1493"}],"curies":[{"name":"wp","href":"https:\/\/api.w.org\/{rel}","templated":true}]}}