{"id":1503,"date":"2019-07-09T06:39:38","date_gmt":"2019-07-09T05:39:38","guid":{"rendered":"https:\/\/www.dehesadebular.com\/?page_id=1503"},"modified":"2019-07-09T06:39:38","modified_gmt":"2019-07-09T05:39:38","slug":"personne-ressource-en-matiere-de-politique-de-confidentialite","status":"publish","type":"page","link":"https:\/\/www.dehesadebular.com\/fr\/personne-ressource-en-matiere-de-politique-de-confidentialite\/","title":{"rendered":"Personne-ressource en mati\u00e8re de politique de confidentialit\u00e9"},"content":{"rendered":"<p>Dehesa de B\u00falar, S.L., est responsable du traitement des donn\u00e9es personnelles de l&rsquo;Utilisateur et lui fournit les informations suivantes :<\/p>\n<ul>\n<li>Fin de traitement : r\u00e9pondre aux consultations que l&rsquo;utilisateur nous fait.<\/li>\n<li>L\u00e9gitimation : est bas\u00e9e sur le consentement demand\u00e9 \u00e0 travers la case d&rsquo;acceptation correspondante.<\/li>\n<li>Crit\u00e8res de conservation des donn\u00e9es : elles sont conserv\u00e9es aussi longtemps qu&rsquo;il existe un int\u00e9r\u00eat mutuel \u00e0 maintenir la finalit\u00e9 du traitement et, lorsqu&rsquo;elles ne sont plus n\u00e9cessaires \u00e0 cette fin, elles sont effac\u00e9es par des mesures de s\u00e9curit\u00e9 appropri\u00e9es pour garantir la pseudonymisation des donn\u00e9es.<\/li>\n<li>Droits qui assistent l&rsquo;Utilisateur :\n<ul>\n<li>a) Droit de retirer son consentement en tout temps. Droit d&rsquo;opposition et portabilit\u00e9 des donn\u00e9es personnelles. Droit d&rsquo;acc\u00e8s, de rectification et de suppression de vos donn\u00e9es et limitation ou opposition \u00e0 leur traitement.<\/li>\n<li>b) Droit de porter plainte aupr\u00e8s de l&rsquo;Autorit\u00e9 de contr\u00f4le si vous n&rsquo;avez pas obtenu satisfaction dans l&rsquo;exercice de vos droits, dans ce cas, aupr\u00e8s de l&rsquo;Agence espagnole de protection des donn\u00e9es.<br \/>\nVous pouvez exercer ces droits en envoyant un courrier \u00e9lectronique ou postal, tous deux accompagn\u00e9s d&rsquo;une photocopie de la pi\u00e8ce d&rsquo;identit\u00e9 du titulaire, incorpor\u00e9e ou jointe :<\/p>\n<ul>\n<li style=\"list-style-type: none;\">\n<ul>\n<li>Adresse postale: Cortijo Nuevo de B\u00falar, carretera A-323, km 18, 7, 18656 B\u00falar Bajo (Pi\u00f1ar) (Granada)<\/li>\n<li>Adresse \u00e9lectronique: <a href=\"mailto:info@dehesadebular.com\">info@dehesadebular.com<\/a><\/li>\n<\/ul>\n<\/li>\n<\/ul>\n<\/li>\n<\/ul>\n<p>Si vous souhaitez obtenir plus d&rsquo;informations sur la politique de confidentialit\u00e9 de notre soci\u00e9t\u00e9, vous pouvez le faire en cliquant sur le lien suivant :<br \/>\n<a href=\"https:\/\/www.dehesadebular.com\/fr\/politique-de-confidentialite\/\">www.dehesadebular.com\/politicadeprivacidad<\/a><\/li>\n<\/ul>\n","protected":false},"excerpt":{"rendered":"<p>Dehesa de B\u00falar, S.L., est responsable du traitement des donn\u00e9es personnelles de l&rsquo;Utilisateur et lui fournit les informations suivantes : Fin de traitement : r\u00e9pondre aux consultations que l&rsquo;utilisateur nous fait. L\u00e9gitimation : est bas\u00e9e sur le consentement demand\u00e9 \u00e0 travers la case d&rsquo;acceptation correspondante. Crit\u00e8res de conservation des donn\u00e9es : elles sont conserv\u00e9es aussi&#8230; <a class=\"view-article\" href=\"https:\/\/www.dehesadebular.com\/fr\/personne-ressource-en-matiere-de-politique-de-confidentialite\/\">View Article<\/a><\/p>\n","protected":false},"author":1,"featured_media":0,"parent":0,"menu_order":0,"comment_status":"closed","ping_status":"open","template":"template-fullwidth.php","meta":[],"acf":[],"yoast_head":"<!-- This site is optimized with the Yoast SEO plugin v19.10 - https:\/\/yoast.com\/wordpress\/plugins\/seo\/ -->\n<title>Personne-ressource en mati\u00e8re de politique de confidentialit\u00e9 - Dehesa de B\u00falar<\/title>\n<meta name=\"robots\" content=\"index, follow, max-snippet:-1, max-image-preview:large, max-video-preview:-1\" \/>\n<link rel=\"canonical\" href=\"https:\/\/www.dehesadebular.com\/fr\/personne-ressource-en-matiere-de-politique-de-confidentialite\/\" \/>\n<meta property=\"og:locale\" content=\"fr_FR\" \/>\n<meta property=\"og:type\" content=\"article\" \/>\n<meta property=\"og:title\" content=\"Personne-ressource en mati\u00e8re de politique de confidentialit\u00e9 - Dehesa de B\u00falar\" \/>\n<meta property=\"og:description\" content=\"Dehesa de B\u00falar, S.L., est responsable du traitement des donn\u00e9es personnelles de l&rsquo;Utilisateur et lui fournit les informations suivantes : Fin de traitement : r\u00e9pondre aux consultations que l&rsquo;utilisateur nous fait. L\u00e9gitimation : est bas\u00e9e sur le consentement demand\u00e9 \u00e0 travers la case d&rsquo;acceptation correspondante. Crit\u00e8res de conservation des donn\u00e9es : elles sont conserv\u00e9es aussi... View Article\" \/>\n<meta property=\"og:url\" content=\"https:\/\/www.dehesadebular.com\/fr\/personne-ressource-en-matiere-de-politique-de-confidentialite\/\" \/>\n<meta property=\"og:site_name\" content=\"Dehesa de B\u00falar\" \/>\n<meta name=\"twitter:card\" content=\"summary_large_image\" \/>\n<meta name=\"twitter:label1\" content=\"Dur\u00e9e de lecture estim\u00e9e\" \/>\n\t<meta name=\"twitter:data1\" content=\"1 minute\" \/>\n<script type=\"application\/ld+json\" class=\"yoast-schema-graph\">{\"@context\":\"https:\/\/schema.org\",\"@graph\":[{\"@type\":\"WebPage\",\"@id\":\"https:\/\/www.dehesadebular.com\/fr\/personne-ressource-en-matiere-de-politique-de-confidentialite\/\",\"url\":\"https:\/\/www.dehesadebular.com\/fr\/personne-ressource-en-matiere-de-politique-de-confidentialite\/\",\"name\":\"Personne-ressource en mati\u00e8re de politique de confidentialit\u00e9 - Dehesa de B\u00falar\",\"isPartOf\":{\"@id\":\"https:\/\/www.dehesadebular.com\/fr\/#website\"},\"datePublished\":\"2019-07-09T05:39:38+00:00\",\"dateModified\":\"2019-07-09T05:39:38+00:00\",\"breadcrumb\":{\"@id\":\"https:\/\/www.dehesadebular.com\/fr\/personne-ressource-en-matiere-de-politique-de-confidentialite\/#breadcrumb\"},\"inLanguage\":\"fr-FR\",\"potentialAction\":[{\"@type\":\"ReadAction\",\"target\":[\"https:\/\/www.dehesadebular.com\/fr\/personne-ressource-en-matiere-de-politique-de-confidentialite\/\"]}]},{\"@type\":\"BreadcrumbList\",\"@id\":\"https:\/\/www.dehesadebular.com\/fr\/personne-ressource-en-matiere-de-politique-de-confidentialite\/#breadcrumb\",\"itemListElement\":[{\"@type\":\"ListItem\",\"position\":1,\"name\":\"Portada\",\"item\":\"https:\/\/www.dehesadebular.com\/fr\/\"},{\"@type\":\"ListItem\",\"position\":2,\"name\":\"Personne-ressource en mati\u00e8re de politique de confidentialit\u00e9\"}]},{\"@type\":\"WebSite\",\"@id\":\"https:\/\/www.dehesadebular.com\/fr\/#website\",\"url\":\"https:\/\/www.dehesadebular.com\/fr\/\",\"name\":\"Dehesa de B\u00falar\",\"description\":\"Empresa joven creada para poner en valor la finca del Cortijo Nuevo de B\u00falar y comercializar nuestro aceite de oliva virgen extra ecol\u00f3gico premium: Oil\u00e9 by Dehesa de B\u00falar.\",\"publisher\":{\"@id\":\"https:\/\/www.dehesadebular.com\/fr\/#organization\"},\"potentialAction\":[{\"@type\":\"SearchAction\",\"target\":{\"@type\":\"EntryPoint\",\"urlTemplate\":\"https:\/\/www.dehesadebular.com\/fr\/?s={search_term_string}\"},\"query-input\":\"required name=search_term_string\"}],\"inLanguage\":\"fr-FR\"},{\"@type\":\"Organization\",\"@id\":\"https:\/\/www.dehesadebular.com\/fr\/#organization\",\"name\":\"Oil\u00e9 Dehesa de Bular\",\"url\":\"https:\/\/www.dehesadebular.com\/fr\/\",\"logo\":{\"@type\":\"ImageObject\",\"inLanguage\":\"fr-FR\",\"@id\":\"https:\/\/www.dehesadebular.com\/fr\/#\/schema\/logo\/image\/\",\"url\":\"https:\/\/www.dehesadebular.com\/wp-content\/uploads\/2017\/10\/logo-banner.png\",\"contentUrl\":\"https:\/\/www.dehesadebular.com\/wp-content\/uploads\/2017\/10\/logo-banner.png\",\"width\":154,\"height\":123,\"caption\":\"Oil\u00e9 Dehesa de Bular\"},\"image\":{\"@id\":\"https:\/\/www.dehesadebular.com\/fr\/#\/schema\/logo\/image\/\"}}]}<\/script>\n<!-- \/ Yoast SEO plugin. -->","yoast_head_json":{"title":"Personne-ressource en mati\u00e8re de politique de confidentialit\u00e9 - Dehesa de B\u00falar","robots":{"index":"index","follow":"follow","max-snippet":"max-snippet:-1","max-image-preview":"max-image-preview:large","max-video-preview":"max-video-preview:-1"},"canonical":"https:\/\/www.dehesadebular.com\/fr\/personne-ressource-en-matiere-de-politique-de-confidentialite\/","og_locale":"fr_FR","og_type":"article","og_title":"Personne-ressource en mati\u00e8re de politique de confidentialit\u00e9 - Dehesa de B\u00falar","og_description":"Dehesa de B\u00falar, S.L., est responsable du traitement des donn\u00e9es personnelles de l&rsquo;Utilisateur et lui fournit les informations suivantes : Fin de traitement : r\u00e9pondre aux consultations que l&rsquo;utilisateur nous fait. L\u00e9gitimation : est bas\u00e9e sur le consentement demand\u00e9 \u00e0 travers la case d&rsquo;acceptation correspondante. Crit\u00e8res de conservation des donn\u00e9es : elles sont conserv\u00e9es aussi... View Article","og_url":"https:\/\/www.dehesadebular.com\/fr\/personne-ressource-en-matiere-de-politique-de-confidentialite\/","og_site_name":"Dehesa de B\u00falar","twitter_card":"summary_large_image","twitter_misc":{"Dur\u00e9e de lecture estim\u00e9e":"1 minute"},"schema":{"@context":"https:\/\/schema.org","@graph":[{"@type":"WebPage","@id":"https:\/\/www.dehesadebular.com\/fr\/personne-ressource-en-matiere-de-politique-de-confidentialite\/","url":"https:\/\/www.dehesadebular.com\/fr\/personne-ressource-en-matiere-de-politique-de-confidentialite\/","name":"Personne-ressource en mati\u00e8re de politique de confidentialit\u00e9 - Dehesa de B\u00falar","isPartOf":{"@id":"https:\/\/www.dehesadebular.com\/fr\/#website"},"datePublished":"2019-07-09T05:39:38+00:00","dateModified":"2019-07-09T05:39:38+00:00","breadcrumb":{"@id":"https:\/\/www.dehesadebular.com\/fr\/personne-ressource-en-matiere-de-politique-de-confidentialite\/#breadcrumb"},"inLanguage":"fr-FR","potentialAction":[{"@type":"ReadAction","target":["https:\/\/www.dehesadebular.com\/fr\/personne-ressource-en-matiere-de-politique-de-confidentialite\/"]}]},{"@type":"BreadcrumbList","@id":"https:\/\/www.dehesadebular.com\/fr\/personne-ressource-en-matiere-de-politique-de-confidentialite\/#breadcrumb","itemListElement":[{"@type":"ListItem","position":1,"name":"Portada","item":"https:\/\/www.dehesadebular.com\/fr\/"},{"@type":"ListItem","position":2,"name":"Personne-ressource en mati\u00e8re de politique de confidentialit\u00e9"}]},{"@type":"WebSite","@id":"https:\/\/www.dehesadebular.com\/fr\/#website","url":"https:\/\/www.dehesadebular.com\/fr\/","name":"Dehesa de B\u00falar","description":"Empresa joven creada para poner en valor la finca del Cortijo Nuevo de B\u00falar y comercializar nuestro aceite de oliva virgen extra ecol\u00f3gico premium: Oil\u00e9 by Dehesa de B\u00falar.","publisher":{"@id":"https:\/\/www.dehesadebular.com\/fr\/#organization"},"potentialAction":[{"@type":"SearchAction","target":{"@type":"EntryPoint","urlTemplate":"https:\/\/www.dehesadebular.com\/fr\/?s={search_term_string}"},"query-input":"required name=search_term_string"}],"inLanguage":"fr-FR"},{"@type":"Organization","@id":"https:\/\/www.dehesadebular.com\/fr\/#organization","name":"Oil\u00e9 Dehesa de Bular","url":"https:\/\/www.dehesadebular.com\/fr\/","logo":{"@type":"ImageObject","inLanguage":"fr-FR","@id":"https:\/\/www.dehesadebular.com\/fr\/#\/schema\/logo\/image\/","url":"https:\/\/www.dehesadebular.com\/wp-content\/uploads\/2017\/10\/logo-banner.png","contentUrl":"https:\/\/www.dehesadebular.com\/wp-content\/uploads\/2017\/10\/logo-banner.png","width":154,"height":123,"caption":"Oil\u00e9 Dehesa de Bular"},"image":{"@id":"https:\/\/www.dehesadebular.com\/fr\/#\/schema\/logo\/image\/"}}]}},"_links":{"self":[{"href":"https:\/\/www.dehesadebular.com\/fr\/wp-json\/wp\/v2\/pages\/1503"}],"collection":[{"href":"https:\/\/www.dehesadebular.com\/fr\/wp-json\/wp\/v2\/pages"}],"about":[{"href":"https:\/\/www.dehesadebular.com\/fr\/wp-json\/wp\/v2\/types\/page"}],"author":[{"embeddable":true,"href":"https:\/\/www.dehesadebular.com\/fr\/wp-json\/wp\/v2\/users\/1"}],"replies":[{"embeddable":true,"href":"https:\/\/www.dehesadebular.com\/fr\/wp-json\/wp\/v2\/comments?post=1503"}],"version-history":[{"count":1,"href":"https:\/\/www.dehesadebular.com\/fr\/wp-json\/wp\/v2\/pages\/1503\/revisions"}],"predecessor-version":[{"id":1504,"href":"https:\/\/www.dehesadebular.com\/fr\/wp-json\/wp\/v2\/pages\/1503\/revisions\/1504"}],"wp:attachment":[{"href":"https:\/\/www.dehesadebular.com\/fr\/wp-json\/wp\/v2\/media?parent=1503"}],"curies":[{"name":"wp","href":"https:\/\/api.w.org\/{rel}","templated":true}]}}