{"id":1466,"date":"2017-11-26T12:10:58","date_gmt":"2017-11-26T11:10:58","guid":{"rendered":"https:\/\/www.dehesadebular.com\/producto\/oile-premium-aove-ecologico-pack-regalo-2-latas-ml\/"},"modified":"2019-08-06T08:18:32","modified_gmt":"2019-08-06T07:18:32","slug":"oile-aove-premium-paquet-cadeau-ecologique-premium-2-latas-500ml","status":"publish","type":"product","link":"https:\/\/www.dehesadebular.com\/fr\/producto\/oile-aove-premium-paquet-cadeau-ecologique-premium-2-latas-500ml\/","title":{"rendered":"Oil\u00e9 AOVE Premium Biologique Paquet Cadeau 2 CANETTES 500ml"},"content":{"rendered":"<p>Pack de 2 canettes de 500 ml d&rsquo;huile d&rsquo;olive vierge extra biologique. Vari\u00e9t\u00e9 picual et hojiblanca.<\/p>\n","protected":false},"excerpt":{"rendered":"<p>Pack de 2 bidons de 500 ml d&rsquo;huile d&rsquo;olive vierge extra biologique. Vari\u00e9t\u00e9 picual et hojiblanca.<\/p>\n","protected":false},"featured_media":1467,"template":"","meta":[],"product_cat":[82],"product_tag":[],"acf":[],"yoast_head":"<!-- This site is optimized with the Yoast SEO plugin v19.10 - https:\/\/yoast.com\/wordpress\/plugins\/seo\/ -->\n<title>Oil\u00e9 AOVE Premium Biologique Paquet Cadeau 2 CANETTES 500ml - Dehesa de B\u00falar<\/title>\n<meta name=\"robots\" content=\"index, follow, max-snippet:-1, max-image-preview:large, max-video-preview:-1\" \/>\n<link rel=\"canonical\" href=\"https:\/\/www.dehesadebular.com\/fr\/producto\/oile-aove-premium-paquet-cadeau-ecologique-premium-2-latas-500ml\/\" \/>\n<meta property=\"og:locale\" content=\"fr_FR\" \/>\n<meta property=\"og:type\" content=\"article\" \/>\n<meta property=\"og:title\" content=\"Oil\u00e9 AOVE Premium Biologique Paquet Cadeau 2 CANETTES 500ml - Dehesa de B\u00falar\" \/>\n<meta property=\"og:description\" content=\"Pack de 2 bidons de 500 ml d&#039;huile d&#039;olive vierge extra biologique. Vari\u00e9t\u00e9 picual et hojiblanca.\" \/>\n<meta property=\"og:url\" content=\"https:\/\/www.dehesadebular.com\/fr\/producto\/oile-aove-premium-paquet-cadeau-ecologique-premium-2-latas-500ml\/\" \/>\n<meta property=\"og:site_name\" content=\"Dehesa de B\u00falar\" \/>\n<meta property=\"article:modified_time\" content=\"2019-08-06T07:18:32+00:00\" \/>\n<meta property=\"og:image\" content=\"https:\/\/www.dehesadebular.com\/wp-content\/uploads\/2017\/11\/oile-2x500ml.jpg\" \/>\n\t<meta property=\"og:image:width\" content=\"653\" \/>\n\t<meta property=\"og:image:height\" content=\"696\" \/>\n\t<meta property=\"og:image:type\" content=\"image\/jpeg\" \/>\n<meta name=\"twitter:card\" content=\"summary_large_image\" \/>\n<script type=\"application\/ld+json\" class=\"yoast-schema-graph\">{\"@context\":\"https:\/\/schema.org\",\"@graph\":[{\"@type\":\"WebPage\",\"@id\":\"https:\/\/www.dehesadebular.com\/fr\/producto\/oile-aove-premium-paquet-cadeau-ecologique-premium-2-latas-500ml\/\",\"url\":\"https:\/\/www.dehesadebular.com\/fr\/producto\/oile-aove-premium-paquet-cadeau-ecologique-premium-2-latas-500ml\/\",\"name\":\"Oil\u00e9 AOVE Premium Biologique Paquet Cadeau 2 CANETTES 500ml - Dehesa de B\u00falar\",\"isPartOf\":{\"@id\":\"https:\/\/www.dehesadebular.com\/fr\/#website\"},\"datePublished\":\"2017-11-26T11:10:58+00:00\",\"dateModified\":\"2019-08-06T07:18:32+00:00\",\"breadcrumb\":{\"@id\":\"https:\/\/www.dehesadebular.com\/fr\/producto\/oile-aove-premium-paquet-cadeau-ecologique-premium-2-latas-500ml\/#breadcrumb\"},\"inLanguage\":\"fr-FR\",\"potentialAction\":[{\"@type\":\"ReadAction\",\"target\":[\"https:\/\/www.dehesadebular.com\/fr\/producto\/oile-aove-premium-paquet-cadeau-ecologique-premium-2-latas-500ml\/\"]}]},{\"@type\":\"BreadcrumbList\",\"@id\":\"https:\/\/www.dehesadebular.com\/fr\/producto\/oile-aove-premium-paquet-cadeau-ecologique-premium-2-latas-500ml\/#breadcrumb\",\"itemListElement\":[{\"@type\":\"ListItem\",\"position\":1,\"name\":\"Portada\",\"item\":\"https:\/\/www.dehesadebular.com\/fr\/\"},{\"@type\":\"ListItem\",\"position\":2,\"name\":\"Tienda\",\"item\":\"https:\/\/www.dehesadebular.com\/tienda\/\"},{\"@type\":\"ListItem\",\"position\":3,\"name\":\"Oil\u00e9 AOVE Premium Biologique Paquet Cadeau 2 CANETTES 500ml\"}]},{\"@type\":\"WebSite\",\"@id\":\"https:\/\/www.dehesadebular.com\/fr\/#website\",\"url\":\"https:\/\/www.dehesadebular.com\/fr\/\",\"name\":\"Dehesa de B\u00falar\",\"description\":\"Empresa joven creada para poner en valor la finca del Cortijo Nuevo de B\u00falar y comercializar nuestro aceite de oliva virgen extra ecol\u00f3gico premium: Oil\u00e9 by Dehesa de B\u00falar.\",\"publisher\":{\"@id\":\"https:\/\/www.dehesadebular.com\/fr\/#organization\"},\"potentialAction\":[{\"@type\":\"SearchAction\",\"target\":{\"@type\":\"EntryPoint\",\"urlTemplate\":\"https:\/\/www.dehesadebular.com\/fr\/?s={search_term_string}\"},\"query-input\":\"required name=search_term_string\"}],\"inLanguage\":\"fr-FR\"},{\"@type\":\"Organization\",\"@id\":\"https:\/\/www.dehesadebular.com\/fr\/#organization\",\"name\":\"Oil\u00e9 Dehesa de Bular\",\"url\":\"https:\/\/www.dehesadebular.com\/fr\/\",\"logo\":{\"@type\":\"ImageObject\",\"inLanguage\":\"fr-FR\",\"@id\":\"https:\/\/www.dehesadebular.com\/fr\/#\/schema\/logo\/image\/\",\"url\":\"https:\/\/www.dehesadebular.com\/wp-content\/uploads\/2017\/10\/logo-banner.png\",\"contentUrl\":\"https:\/\/www.dehesadebular.com\/wp-content\/uploads\/2017\/10\/logo-banner.png\",\"width\":154,\"height\":123,\"caption\":\"Oil\u00e9 Dehesa de Bular\"},\"image\":{\"@id\":\"https:\/\/www.dehesadebular.com\/fr\/#\/schema\/logo\/image\/\"}}]}<\/script>\n<!-- \/ Yoast SEO plugin. -->","yoast_head_json":{"title":"Oil\u00e9 AOVE Premium Biologique Paquet Cadeau 2 CANETTES 500ml - Dehesa de B\u00falar","robots":{"index":"index","follow":"follow","max-snippet":"max-snippet:-1","max-image-preview":"max-image-preview:large","max-video-preview":"max-video-preview:-1"},"canonical":"https:\/\/www.dehesadebular.com\/fr\/producto\/oile-aove-premium-paquet-cadeau-ecologique-premium-2-latas-500ml\/","og_locale":"fr_FR","og_type":"article","og_title":"Oil\u00e9 AOVE Premium Biologique Paquet Cadeau 2 CANETTES 500ml - Dehesa de B\u00falar","og_description":"Pack de 2 bidons de 500 ml d'huile d'olive vierge extra biologique. Vari\u00e9t\u00e9 picual et hojiblanca.","og_url":"https:\/\/www.dehesadebular.com\/fr\/producto\/oile-aove-premium-paquet-cadeau-ecologique-premium-2-latas-500ml\/","og_site_name":"Dehesa de B\u00falar","article_modified_time":"2019-08-06T07:18:32+00:00","og_image":[{"width":653,"height":696,"url":"https:\/\/www.dehesadebular.com\/wp-content\/uploads\/2017\/11\/oile-2x500ml.jpg","type":"image\/jpeg"}],"twitter_card":"summary_large_image","schema":{"@context":"https:\/\/schema.org","@graph":[{"@type":"WebPage","@id":"https:\/\/www.dehesadebular.com\/fr\/producto\/oile-aove-premium-paquet-cadeau-ecologique-premium-2-latas-500ml\/","url":"https:\/\/www.dehesadebular.com\/fr\/producto\/oile-aove-premium-paquet-cadeau-ecologique-premium-2-latas-500ml\/","name":"Oil\u00e9 AOVE Premium Biologique Paquet Cadeau 2 CANETTES 500ml - Dehesa de B\u00falar","isPartOf":{"@id":"https:\/\/www.dehesadebular.com\/fr\/#website"},"datePublished":"2017-11-26T11:10:58+00:00","dateModified":"2019-08-06T07:18:32+00:00","breadcrumb":{"@id":"https:\/\/www.dehesadebular.com\/fr\/producto\/oile-aove-premium-paquet-cadeau-ecologique-premium-2-latas-500ml\/#breadcrumb"},"inLanguage":"fr-FR","potentialAction":[{"@type":"ReadAction","target":["https:\/\/www.dehesadebular.com\/fr\/producto\/oile-aove-premium-paquet-cadeau-ecologique-premium-2-latas-500ml\/"]}]},{"@type":"BreadcrumbList","@id":"https:\/\/www.dehesadebular.com\/fr\/producto\/oile-aove-premium-paquet-cadeau-ecologique-premium-2-latas-500ml\/#breadcrumb","itemListElement":[{"@type":"ListItem","position":1,"name":"Portada","item":"https:\/\/www.dehesadebular.com\/fr\/"},{"@type":"ListItem","position":2,"name":"Tienda","item":"https:\/\/www.dehesadebular.com\/tienda\/"},{"@type":"ListItem","position":3,"name":"Oil\u00e9 AOVE Premium Biologique Paquet Cadeau 2 CANETTES 500ml"}]},{"@type":"WebSite","@id":"https:\/\/www.dehesadebular.com\/fr\/#website","url":"https:\/\/www.dehesadebular.com\/fr\/","name":"Dehesa de B\u00falar","description":"Empresa joven creada para poner en valor la finca del Cortijo Nuevo de B\u00falar y comercializar nuestro aceite de oliva virgen extra ecol\u00f3gico premium: Oil\u00e9 by Dehesa de B\u00falar.","publisher":{"@id":"https:\/\/www.dehesadebular.com\/fr\/#organization"},"potentialAction":[{"@type":"SearchAction","target":{"@type":"EntryPoint","urlTemplate":"https:\/\/www.dehesadebular.com\/fr\/?s={search_term_string}"},"query-input":"required name=search_term_string"}],"inLanguage":"fr-FR"},{"@type":"Organization","@id":"https:\/\/www.dehesadebular.com\/fr\/#organization","name":"Oil\u00e9 Dehesa de Bular","url":"https:\/\/www.dehesadebular.com\/fr\/","logo":{"@type":"ImageObject","inLanguage":"fr-FR","@id":"https:\/\/www.dehesadebular.com\/fr\/#\/schema\/logo\/image\/","url":"https:\/\/www.dehesadebular.com\/wp-content\/uploads\/2017\/10\/logo-banner.png","contentUrl":"https:\/\/www.dehesadebular.com\/wp-content\/uploads\/2017\/10\/logo-banner.png","width":154,"height":123,"caption":"Oil\u00e9 Dehesa de Bular"},"image":{"@id":"https:\/\/www.dehesadebular.com\/fr\/#\/schema\/logo\/image\/"}}]}},"_links":{"self":[{"href":"https:\/\/www.dehesadebular.com\/fr\/wp-json\/wp\/v2\/product\/1466"}],"collection":[{"href":"https:\/\/www.dehesadebular.com\/fr\/wp-json\/wp\/v2\/product"}],"about":[{"href":"https:\/\/www.dehesadebular.com\/fr\/wp-json\/wp\/v2\/types\/product"}],"wp:featuredmedia":[{"embeddable":true,"href":"https:\/\/www.dehesadebular.com\/fr\/wp-json\/wp\/v2\/media\/1467"}],"wp:attachment":[{"href":"https:\/\/www.dehesadebular.com\/fr\/wp-json\/wp\/v2\/media?parent=1466"}],"wp:term":[{"taxonomy":"product_cat","embeddable":true,"href":"https:\/\/www.dehesadebular.com\/fr\/wp-json\/wp\/v2\/product_cat?post=1466"},{"taxonomy":"product_tag","embeddable":true,"href":"https:\/\/www.dehesadebular.com\/fr\/wp-json\/wp\/v2\/product_tag?post=1466"}],"curies":[{"name":"wp","href":"https:\/\/api.w.org\/{rel}","templated":true}]}}